{"id":375459,"date":"2026-03-08T03:12:07","date_gmt":"2026-03-08T02:12:07","guid":{"rendered":"https:\/\/grupotextil.es\/producto\/sudadera-capucha-nino\/"},"modified":"2026-03-08T03:12:07","modified_gmt":"2026-03-08T02:12:07","slug":"sudadera-capucha-nino","status":"publish","type":"product","link":"https:\/\/grupotextil.es\/ca\/product\/sudadera-capucha-nino\/","title":{"rendered":"Sweatshirt capucha Kids"},"content":{"rendered":"<ul>\n<li>295 g\/m\u00b2<\/li>\n<li>50% algod\u00f3n ring-spun peinado, 50% poli\u00e9ster<\/li>\n<li>Light Oxford: 53% algod\u00f3n, 47% viscosa<\/li>\n<li>Cuello encintado en espiguilla<\/li>\n<li>Capucha de doble capa<\/li>\n<li>Mangas m\u00e1s delgadas<\/li>\n<li>Bolsillo con remate<\/li>\n<li>Capucha con detalle en puntada vista<\/li>\n<li>Nueva construcci\u00f3n de hombro y dobladillo<\/li>\n<\/ul>","protected":false},"excerpt":{"rendered":"<p>295 g\/m\u00b250% algod\u00f3n ring-spun peinado, 50% poli\u00e9sterLight Oxford: 53% algod\u00f3n, 47% viscosaCuello encintado en espiguillaCapucha de doble capaMangas m\u00e1s delgadasBolsillo con remateCapucha con detalle e<\/p>","protected":false},"featured_media":414481,"comment_status":"open","ping_status":"closed","template":"","meta":{"_acf_changed":false},"product_brand":[11670],"product_cat":[13976,13973,13997],"product_tag":[],"class_list":{"0":"post-375459","1":"product","2":"type-product","3":"status-publish","4":"has-post-thumbnail","6":"product_brand-russell-europe","7":"product_cat-ropa-nino","8":"product_cat-ropa","9":"product_cat-n-sudaderas","10":"tm-no-options","12":"first","13":"instock","14":"taxable","15":"shipping-taxable","16":"product-type-variable"},"acf":[],"_links":{"self":[{"href":"https:\/\/grupotextil.es\/ca\/wp-json\/wp\/v2\/product\/375459","targetHints":{"allow":["GET"]}}],"collection":[{"href":"https:\/\/grupotextil.es\/ca\/wp-json\/wp\/v2\/product"}],"about":[{"href":"https:\/\/grupotextil.es\/ca\/wp-json\/wp\/v2\/types\/product"}],"replies":[{"embeddable":true,"href":"https:\/\/grupotextil.es\/ca\/wp-json\/wp\/v2\/comments?post=375459"}],"wp:featuredmedia":[{"embeddable":true,"href":"https:\/\/grupotextil.es\/ca\/wp-json\/wp\/v2\/media\/414481"}],"wp:attachment":[{"href":"https:\/\/grupotextil.es\/ca\/wp-json\/wp\/v2\/media?parent=375459"}],"wp:term":[{"taxonomy":"product_brand","embeddable":true,"href":"https:\/\/grupotextil.es\/ca\/wp-json\/wp\/v2\/product_brand?post=375459"},{"taxonomy":"product_cat","embeddable":true,"href":"https:\/\/grupotextil.es\/ca\/wp-json\/wp\/v2\/product_cat?post=375459"},{"taxonomy":"product_tag","embeddable":true,"href":"https:\/\/grupotextil.es\/ca\/wp-json\/wp\/v2\/product_tag?post=375459"}],"curies":[{"name":"wp","href":"https:\/\/api.w.org\/{rel}","templated":true}]}}