{"id":375674,"date":"2026-03-08T03:12:36","date_gmt":"2026-03-08T02:12:36","guid":{"rendered":"https:\/\/grupotextil.es\/producto\/sudadera-de-nino-con-capucha\/"},"modified":"2026-03-08T03:12:36","modified_gmt":"2026-03-08T02:12:36","slug":"sudadera-de-nino-con-capucha","status":"publish","type":"product","link":"https:\/\/grupotextil.es\/ca\/product\/sudadera-de-nino-con-capucha\/","title":{"rendered":"Sudadera de ni\u00f1o con capucha"},"content":{"rendered":"<ul>\n<li>280 g\/m\u00b2<\/li>\n<li>80% algod\u00f3n ring-spun peinado, 20% poli\u00e9ster (Light Oxford: 70% algod\u00f3n, 30% poli\u00e9ster)<\/li>\n<li>Reverso peinado<\/li>\n<li>Capucha con forro interior del mismo tejido<\/li>\n<li>Capucha sin cord\u00f3n<\/li>\n<li>Mangas montadas<\/li>\n<li>Bolsillo delantero tipo canguro con costuras superior e inferior para reforzar las aberturas<\/li>\n<li>Pu\u00f1os y dobladillo de canal\u00e9<\/li>\n<li>Costuras laterales<\/li>\n<\/ul>","protected":false},"excerpt":{"rendered":"<p>280 g\/m\u00b280% algod\u00f3n ring-spun peinado, 20% poli\u00e9ster (Light Oxford: 70% algod\u00f3n, 30% poli\u00e9ster)Reverso peinadoCapucha con forro interior del mismo tejidoCapucha sin cord\u00f3nMangas montadasBolsillo delan<\/p>","protected":false},"featured_media":414551,"comment_status":"open","ping_status":"closed","template":"","meta":{"_acf_changed":false},"product_brand":[11676],"product_cat":[13976,13973,13997],"product_tag":[],"class_list":{"0":"post-375674","1":"product","2":"type-product","3":"status-publish","4":"has-post-thumbnail","6":"product_brand-sg","7":"product_cat-ropa-nino","8":"product_cat-ropa","9":"product_cat-n-sudaderas","10":"tm-no-options","12":"first","13":"instock","14":"taxable","15":"shipping-taxable","16":"product-type-variable"},"acf":[],"_links":{"self":[{"href":"https:\/\/grupotextil.es\/ca\/wp-json\/wp\/v2\/product\/375674","targetHints":{"allow":["GET"]}}],"collection":[{"href":"https:\/\/grupotextil.es\/ca\/wp-json\/wp\/v2\/product"}],"about":[{"href":"https:\/\/grupotextil.es\/ca\/wp-json\/wp\/v2\/types\/product"}],"replies":[{"embeddable":true,"href":"https:\/\/grupotextil.es\/ca\/wp-json\/wp\/v2\/comments?post=375674"}],"wp:featuredmedia":[{"embeddable":true,"href":"https:\/\/grupotextil.es\/ca\/wp-json\/wp\/v2\/media\/414551"}],"wp:attachment":[{"href":"https:\/\/grupotextil.es\/ca\/wp-json\/wp\/v2\/media?parent=375674"}],"wp:term":[{"taxonomy":"product_brand","embeddable":true,"href":"https:\/\/grupotextil.es\/ca\/wp-json\/wp\/v2\/product_brand?post=375674"},{"taxonomy":"product_cat","embeddable":true,"href":"https:\/\/grupotextil.es\/ca\/wp-json\/wp\/v2\/product_cat?post=375674"},{"taxonomy":"product_tag","embeddable":true,"href":"https:\/\/grupotextil.es\/ca\/wp-json\/wp\/v2\/product_tag?post=375674"}],"curies":[{"name":"wp","href":"https:\/\/api.w.org\/{rel}","templated":true}]}}