{"id":375814,"date":"2026-03-08T03:12:44","date_gmt":"2026-03-08T02:12:44","guid":{"rendered":"https:\/\/grupotextil.es\/producto\/micropolar-reciclado\/"},"modified":"2026-03-08T03:12:44","modified_gmt":"2026-03-08T02:12:44","slug":"micropolar-reciclado","status":"publish","type":"product","link":"https:\/\/grupotextil.es\/ca\/product\/micropolar-reciclado\/","title":{"rendered":"Micropolar reciclado"},"content":{"rendered":"<ul>\n<li>165 g\/m\u00b2<\/li>\n<li>100% poli\u00e9ster (micropolar)<\/li>\n<li>Cremallera de 1\/4 ecol\u00f3gica YKK NATULON\u00ae<\/li>\n<li>Pu\u00f1os y dobladillo el\u00e1sticos con un suave ribete<\/li>\n<li>Costuras decorativas en el torso<\/li>\n<li>Secado r\u00e1pido y absorbe la humedad<\/li>\n<li>F\u00e1cil lavado<\/li>\n<li>Cinta para colgar la prenda<\/li>\n<\/ul>","protected":false},"excerpt":{"rendered":"<p>165 g\/m\u00b2100% poli\u00e9ster (micropolar)Cremallera de 1\/4 ecol\u00f3gica YKK NATULON\u00aePu\u00f1os y dobladillo el\u00e1sticos con un suave ribeteCosturas decorativas en el torsoSecado r\u00e1pido y absorbe la humedadF\u00e1cil lavad<\/p>","protected":false},"featured_media":414578,"comment_status":"open","ping_status":"closed","template":"","meta":{"_acf_changed":false},"product_brand":[11669],"product_cat":[13974,13975,13976,13973,13997],"product_tag":[],"class_list":{"0":"post-375814","1":"product","2":"type-product","3":"status-publish","4":"has-post-thumbnail","6":"product_brand-result","7":"product_cat-ropa-hombre","8":"product_cat-ropa-mujer","9":"product_cat-ropa-nino","10":"product_cat-ropa","11":"product_cat-n-sudaderas","12":"tm-no-options","14":"first","15":"instock","16":"taxable","17":"shipping-taxable","18":"product-type-variable"},"acf":[],"_links":{"self":[{"href":"https:\/\/grupotextil.es\/ca\/wp-json\/wp\/v2\/product\/375814","targetHints":{"allow":["GET"]}}],"collection":[{"href":"https:\/\/grupotextil.es\/ca\/wp-json\/wp\/v2\/product"}],"about":[{"href":"https:\/\/grupotextil.es\/ca\/wp-json\/wp\/v2\/types\/product"}],"replies":[{"embeddable":true,"href":"https:\/\/grupotextil.es\/ca\/wp-json\/wp\/v2\/comments?post=375814"}],"wp:featuredmedia":[{"embeddable":true,"href":"https:\/\/grupotextil.es\/ca\/wp-json\/wp\/v2\/media\/414578"}],"wp:attachment":[{"href":"https:\/\/grupotextil.es\/ca\/wp-json\/wp\/v2\/media?parent=375814"}],"wp:term":[{"taxonomy":"product_brand","embeddable":true,"href":"https:\/\/grupotextil.es\/ca\/wp-json\/wp\/v2\/product_brand?post=375814"},{"taxonomy":"product_cat","embeddable":true,"href":"https:\/\/grupotextil.es\/ca\/wp-json\/wp\/v2\/product_cat?post=375814"},{"taxonomy":"product_tag","embeddable":true,"href":"https:\/\/grupotextil.es\/ca\/wp-json\/wp\/v2\/product_tag?post=375814"}],"curies":[{"name":"wp","href":"https:\/\/api.w.org\/{rel}","templated":true}]}}