{"id":375883,"date":"2026-03-08T03:13:03","date_gmt":"2026-03-08T02:13:03","guid":{"rendered":"https:\/\/grupotextil.es\/producto\/sudadera-capucha-contraste\/"},"modified":"2026-03-08T03:13:03","modified_gmt":"2026-03-08T02:13:03","slug":"sudadera-capucha-contraste","status":"publish","type":"product","link":"https:\/\/grupotextil.es\/ca\/product\/sudadera-capucha-contraste\/","title":{"rendered":"Sweatshirt capucha contraste"},"content":{"rendered":"<ul>\n<li>300 g\/m\u00b2<\/li>\n<li>80% algod\u00f3n, 20% poli\u00e9ster<\/li>\n<li>Sport Grey: 70% algod\u00f3n, 30% poli\u00e9ster<\/li>\n<li>Estilo unisex<\/li>\n<li>No desti\u00f1e<\/li>\n<li>Forro de la capucha de punto simple en color de contraste<\/li>\n<li>Cord\u00f3n ajustable en color de contraste<\/li>\n<li>Mangas montadas<\/li>\n<li>Bolsillo canguro frontal<\/li>\n<li>Puntos de doble aguja<\/li>\n<li>Pu\u00f1os y bajo en canal\u00e9 de elastano<\/li>\n<\/ul>","protected":false},"excerpt":{"rendered":"<p>300 g\/m\u00b280% algod\u00f3n, 20% poli\u00e9sterSport Grey: 70% algod\u00f3n, 30% poli\u00e9sterEstilo unisexNo desti\u00f1eForro de la capucha de punto simple en color de contrasteCord\u00f3n ajustable en color de contrasteMangas mon<\/p>","protected":false},"featured_media":414617,"comment_status":"open","ping_status":"closed","template":"","meta":{"_acf_changed":false},"product_brand":[11677],"product_cat":[13974,13975,13976,13973,13997],"product_tag":[],"class_list":{"0":"post-375883","1":"product","2":"type-product","3":"status-publish","4":"has-post-thumbnail","6":"product_brand-fdm","7":"product_cat-ropa-hombre","8":"product_cat-ropa-mujer","9":"product_cat-ropa-nino","10":"product_cat-ropa","11":"product_cat-n-sudaderas","12":"tm-no-options","14":"first","15":"instock","16":"taxable","17":"shipping-taxable","18":"product-type-variable"},"acf":[],"_links":{"self":[{"href":"https:\/\/grupotextil.es\/ca\/wp-json\/wp\/v2\/product\/375883","targetHints":{"allow":["GET"]}}],"collection":[{"href":"https:\/\/grupotextil.es\/ca\/wp-json\/wp\/v2\/product"}],"about":[{"href":"https:\/\/grupotextil.es\/ca\/wp-json\/wp\/v2\/types\/product"}],"replies":[{"embeddable":true,"href":"https:\/\/grupotextil.es\/ca\/wp-json\/wp\/v2\/comments?post=375883"}],"wp:featuredmedia":[{"embeddable":true,"href":"https:\/\/grupotextil.es\/ca\/wp-json\/wp\/v2\/media\/414617"}],"wp:attachment":[{"href":"https:\/\/grupotextil.es\/ca\/wp-json\/wp\/v2\/media?parent=375883"}],"wp:term":[{"taxonomy":"product_brand","embeddable":true,"href":"https:\/\/grupotextil.es\/ca\/wp-json\/wp\/v2\/product_brand?post=375883"},{"taxonomy":"product_cat","embeddable":true,"href":"https:\/\/grupotextil.es\/ca\/wp-json\/wp\/v2\/product_cat?post=375883"},{"taxonomy":"product_tag","embeddable":true,"href":"https:\/\/grupotextil.es\/ca\/wp-json\/wp\/v2\/product_tag?post=375883"}],"curies":[{"name":"wp","href":"https:\/\/api.w.org\/{rel}","templated":true}]}}