{"id":375888,"date":"2026-03-08T03:13:04","date_gmt":"2026-03-08T02:13:04","guid":{"rendered":"https:\/\/grupotextil.es\/producto\/sudadera-authentic-capucha-y-cremallera-mujer\/"},"modified":"2026-03-08T03:13:04","modified_gmt":"2026-03-08T02:13:04","slug":"sudadera-authentic-capucha-y-cremallera-mujer","status":"publish","type":"product","link":"https:\/\/grupotextil.es\/ca\/product\/sudadera-authentic-capucha-y-cremallera-mujer\/","title":{"rendered":"Sudadera Authentic capucha y cremallera mujer"},"content":{"rendered":"<ul>\n<li>280 g\/m\u00b2<\/li>\n<li>80% algod\u00f3n ring-spun peinado, 20% poli\u00e9ster (tejido de 3 capas)<\/li>\n<li>Capucha de doble capa con canal para cord\u00f3n<\/li>\n<li>Cord\u00f3n plano y grueso con ojales<\/li>\n<li>Encintado en espiguilla<\/li>\n<li>Brazos m\u00e1s delgados con costuras de hombros en la parte delantera<\/li>\n<li>Cremallera completa YKK de metal (plata antigua) cubierta<\/li>\n<li>Acceso para auriculares MP3<\/li>\n<li>2 bolsillos de parche<\/li>\n<li>Sisas, pu\u00f1os y bajo con doble costura<\/li>\n<li>Corte femenino y moderno<\/li>\n<\/ul>","protected":false},"excerpt":{"rendered":"<p>280 g\/m\u00b280% algod\u00f3n ring-spun peinado, 20% poli\u00e9ster (tejido de 3 capas)Capucha de doble capa con canal para cord\u00f3nCord\u00f3n plano y grueso con ojalesEncintado en espiguillaBrazos m\u00e1s delgados con costur<\/p>","protected":false},"featured_media":414619,"comment_status":"open","ping_status":"closed","template":"","meta":{"_acf_changed":false},"product_brand":[11670],"product_cat":[13974,13975,13976,13973,13997],"product_tag":[],"class_list":{"0":"post-375888","1":"product","2":"type-product","3":"status-publish","4":"has-post-thumbnail","6":"product_brand-russell-europe","7":"product_cat-ropa-hombre","8":"product_cat-ropa-mujer","9":"product_cat-ropa-nino","10":"product_cat-ropa","11":"product_cat-n-sudaderas","12":"tm-no-options","14":"first","15":"instock","16":"taxable","17":"shipping-taxable","18":"product-type-variable"},"acf":[],"_links":{"self":[{"href":"https:\/\/grupotextil.es\/ca\/wp-json\/wp\/v2\/product\/375888","targetHints":{"allow":["GET"]}}],"collection":[{"href":"https:\/\/grupotextil.es\/ca\/wp-json\/wp\/v2\/product"}],"about":[{"href":"https:\/\/grupotextil.es\/ca\/wp-json\/wp\/v2\/types\/product"}],"replies":[{"embeddable":true,"href":"https:\/\/grupotextil.es\/ca\/wp-json\/wp\/v2\/comments?post=375888"}],"wp:featuredmedia":[{"embeddable":true,"href":"https:\/\/grupotextil.es\/ca\/wp-json\/wp\/v2\/media\/414619"}],"wp:attachment":[{"href":"https:\/\/grupotextil.es\/ca\/wp-json\/wp\/v2\/media?parent=375888"}],"wp:term":[{"taxonomy":"product_brand","embeddable":true,"href":"https:\/\/grupotextil.es\/ca\/wp-json\/wp\/v2\/product_brand?post=375888"},{"taxonomy":"product_cat","embeddable":true,"href":"https:\/\/grupotextil.es\/ca\/wp-json\/wp\/v2\/product_cat?post=375888"},{"taxonomy":"product_tag","embeddable":true,"href":"https:\/\/grupotextil.es\/ca\/wp-json\/wp\/v2\/product_tag?post=375888"}],"curies":[{"name":"wp","href":"https:\/\/api.w.org\/{rel}","templated":true}]}}