{"id":376022,"date":"2026-03-08T03:14:05","date_gmt":"2026-03-08T02:14:05","guid":{"rendered":"https:\/\/grupotextil.es\/producto\/sudadera-manga-montada-nino\/"},"modified":"2026-03-08T03:14:05","modified_gmt":"2026-03-08T02:14:05","slug":"sudadera-manga-montada-nino","status":"publish","type":"product","link":"https:\/\/grupotextil.es\/ca\/product\/sudadera-manga-montada-nino\/","title":{"rendered":"Sweatshirt manga montada Kids"},"content":{"rendered":"<ul>\n<li>280 g\/m\u00b2 (White: 260 g\/m\u00b2)<\/li>\n<li>70% algod\u00f3n ring-spun, 30% poli\u00e9ster<\/li>\n<li>Cuello c\u00f3modo en canal\u00e9 de algod\u00f3n\/elast\u00e1n sin costuras<\/li>\n<li>Bajo, cuello y pu\u00f1o en canal\u00e9 con algod\u00f3n\/elast\u00e1n para mantener mejor la forma<\/li>\n<li>Cinta de jersey del mismo color de la prenda<\/li>\n<li>Corte generoso<\/li>\n<li>Tejido tubular<\/li>\n<\/ul>","protected":false},"excerpt":{"rendered":"<p>280 g\/m\u00b2 (White: 260 g\/m\u00b2)70% algod\u00f3n ring-spun, 30% poli\u00e9sterCuello c\u00f3modo en canal\u00e9 de algod\u00f3n\/elast\u00e1n sin costurasBajo, cuello y pu\u00f1o en canal\u00e9 con algod\u00f3n\/elast\u00e1n para mantener mejor la formaCinta<\/p>","protected":false},"featured_media":414721,"comment_status":"open","ping_status":"closed","template":"","meta":{"_acf_changed":false},"product_brand":[11665],"product_cat":[13974,13975,13976,13973,13997],"product_tag":[14009],"class_list":{"0":"post-376022","1":"product","2":"type-product","3":"status-publish","4":"has-post-thumbnail","6":"product_brand-fruit-of-the-loom","7":"product_cat-ropa-hombre","8":"product_cat-ropa-mujer","9":"product_cat-ropa-nino","10":"product_cat-ropa","11":"product_cat-n-sudaderas","12":"product_tag-top-ventas","13":"tm-no-options","15":"first","16":"instock","17":"taxable","18":"shipping-taxable","19":"product-type-variable"},"acf":[],"_links":{"self":[{"href":"https:\/\/grupotextil.es\/ca\/wp-json\/wp\/v2\/product\/376022","targetHints":{"allow":["GET"]}}],"collection":[{"href":"https:\/\/grupotextil.es\/ca\/wp-json\/wp\/v2\/product"}],"about":[{"href":"https:\/\/grupotextil.es\/ca\/wp-json\/wp\/v2\/types\/product"}],"replies":[{"embeddable":true,"href":"https:\/\/grupotextil.es\/ca\/wp-json\/wp\/v2\/comments?post=376022"}],"wp:featuredmedia":[{"embeddable":true,"href":"https:\/\/grupotextil.es\/ca\/wp-json\/wp\/v2\/media\/414721"}],"wp:attachment":[{"href":"https:\/\/grupotextil.es\/ca\/wp-json\/wp\/v2\/media?parent=376022"}],"wp:term":[{"taxonomy":"product_brand","embeddable":true,"href":"https:\/\/grupotextil.es\/ca\/wp-json\/wp\/v2\/product_brand?post=376022"},{"taxonomy":"product_cat","embeddable":true,"href":"https:\/\/grupotextil.es\/ca\/wp-json\/wp\/v2\/product_cat?post=376022"},{"taxonomy":"product_tag","embeddable":true,"href":"https:\/\/grupotextil.es\/ca\/wp-json\/wp\/v2\/product_tag?post=376022"}],"curies":[{"name":"wp","href":"https:\/\/api.w.org\/{rel}","templated":true}]}}