{"id":376083,"date":"2026-03-08T03:14:07","date_gmt":"2026-03-08T02:14:07","guid":{"rendered":"https:\/\/grupotextil.es\/producto\/kids-sweatshirt\/"},"modified":"2026-03-08T03:14:07","modified_gmt":"2026-03-08T02:14:07","slug":"kids-sweatshirt","status":"publish","type":"product","link":"https:\/\/grupotextil.es\/ca\/product\/kids-sweatshirt\/","title":{"rendered":"Kids Sweatshirt"},"content":{"rendered":"<ul>\n<li>260 g\/m\u00b2<\/li>\n<li>80% algod\u00f3n org\u00e1nico, 20% poli\u00e9ster reciclado.<\/li>\n<li>Estilo del Grupo H&amp;M<\/li>\n<li>Puntada de una sola aguja<\/li>\n<li>Costura de hombro con puntada de cadena<\/li>\n<li>Cinta para el interior del cuello<\/li>\n<li>Costilla 2X2<\/li>\n<li>Sensaci\u00f3n en la mano: peso medio<\/li>\n<li>Suave y fluido<\/li>\n<\/ul>","protected":false},"excerpt":{"rendered":"<p>260 g\/m\u00b280% algod\u00f3n org\u00e1nico, 20% poli\u00e9ster reciclado.<\/p>","protected":false},"featured_media":414745,"comment_status":"open","ping_status":"closed","template":"","meta":{"_acf_changed":false},"product_brand":[11661],"product_cat":[13974,13975,13976,13973,13997],"product_tag":[],"class_list":{"0":"post-376083","1":"product","2":"type-product","3":"status-publish","4":"has-post-thumbnail","6":"product_brand-true-blanks","7":"product_cat-ropa-hombre","8":"product_cat-ropa-mujer","9":"product_cat-ropa-nino","10":"product_cat-ropa","11":"product_cat-n-sudaderas","12":"tm-no-options","14":"first","15":"instock","16":"taxable","17":"shipping-taxable","18":"product-type-variable"},"acf":[],"_links":{"self":[{"href":"https:\/\/grupotextil.es\/ca\/wp-json\/wp\/v2\/product\/376083","targetHints":{"allow":["GET"]}}],"collection":[{"href":"https:\/\/grupotextil.es\/ca\/wp-json\/wp\/v2\/product"}],"about":[{"href":"https:\/\/grupotextil.es\/ca\/wp-json\/wp\/v2\/types\/product"}],"replies":[{"embeddable":true,"href":"https:\/\/grupotextil.es\/ca\/wp-json\/wp\/v2\/comments?post=376083"}],"wp:featuredmedia":[{"embeddable":true,"href":"https:\/\/grupotextil.es\/ca\/wp-json\/wp\/v2\/media\/414745"}],"wp:attachment":[{"href":"https:\/\/grupotextil.es\/ca\/wp-json\/wp\/v2\/media?parent=376083"}],"wp:term":[{"taxonomy":"product_brand","embeddable":true,"href":"https:\/\/grupotextil.es\/ca\/wp-json\/wp\/v2\/product_brand?post=376083"},{"taxonomy":"product_cat","embeddable":true,"href":"https:\/\/grupotextil.es\/ca\/wp-json\/wp\/v2\/product_cat?post=376083"},{"taxonomy":"product_tag","embeddable":true,"href":"https:\/\/grupotextil.es\/ca\/wp-json\/wp\/v2\/product_tag?post=376083"}],"curies":[{"name":"wp","href":"https:\/\/api.w.org\/{rel}","templated":true}]}}