{"id":376091,"date":"2026-03-08T03:14:17","date_gmt":"2026-03-08T02:14:17","guid":{"rendered":"https:\/\/grupotextil.es\/producto\/sudadera-manga-montada-nino-set-in-kids-sweat\/"},"modified":"2026-03-08T03:14:17","modified_gmt":"2026-03-08T02:14:17","slug":"sudadera-manga-montada-nino-set-in-kids-sweat","status":"publish","type":"product","link":"https:\/\/grupotextil.es\/ca\/product\/sudadera-manga-montada-nino-set-in-kids-sweat\/","title":{"rendered":"Sweatshirt manga montada Kids Set InKids Sweat"},"content":{"rendered":"<ul>\n<li>260 g\/m\u00b2<\/li>\n<li>80% algod\u00f3n, 20% poli\u00e9ster<\/li>\n<li>Manga montada<\/li>\n<li>Cuello en canal\u00e9<\/li>\n<li>Pu\u00f1os y bajo con elast\u00e1n<\/li>\n<li>Corte moderno y c\u00f3modo<\/li>\n<li>Sin etiqueta para un rebranding sencillo<\/li>\n<\/ul>","protected":false},"excerpt":{"rendered":"<p>260 g\/m\u00b280% algod\u00f3n, 20% poli\u00e9sterManga montadaCuello en canal\u00e9Pu\u00f1os y bajo con elast\u00e1nCorte moderno y c\u00f3modoSin etiqueta para un rebranding sencillo<\/p>","protected":false},"featured_media":414753,"comment_status":"open","ping_status":"closed","template":"","meta":{"_acf_changed":false},"product_brand":[11653],"product_cat":[13974,13975,13976,13973,13997],"product_tag":[],"class_list":{"0":"post-376091","1":"product","2":"type-product","3":"status-publish","4":"has-post-thumbnail","6":"product_brand-b-c","7":"product_cat-ropa-hombre","8":"product_cat-ropa-mujer","9":"product_cat-ropa-nino","10":"product_cat-ropa","11":"product_cat-n-sudaderas","12":"tm-no-options","14":"first","15":"instock","16":"taxable","17":"shipping-taxable","18":"product-type-variable"},"acf":[],"_links":{"self":[{"href":"https:\/\/grupotextil.es\/ca\/wp-json\/wp\/v2\/product\/376091","targetHints":{"allow":["GET"]}}],"collection":[{"href":"https:\/\/grupotextil.es\/ca\/wp-json\/wp\/v2\/product"}],"about":[{"href":"https:\/\/grupotextil.es\/ca\/wp-json\/wp\/v2\/types\/product"}],"replies":[{"embeddable":true,"href":"https:\/\/grupotextil.es\/ca\/wp-json\/wp\/v2\/comments?post=376091"}],"wp:featuredmedia":[{"embeddable":true,"href":"https:\/\/grupotextil.es\/ca\/wp-json\/wp\/v2\/media\/414753"}],"wp:attachment":[{"href":"https:\/\/grupotextil.es\/ca\/wp-json\/wp\/v2\/media?parent=376091"}],"wp:term":[{"taxonomy":"product_brand","embeddable":true,"href":"https:\/\/grupotextil.es\/ca\/wp-json\/wp\/v2\/product_brand?post=376091"},{"taxonomy":"product_cat","embeddable":true,"href":"https:\/\/grupotextil.es\/ca\/wp-json\/wp\/v2\/product_cat?post=376091"},{"taxonomy":"product_tag","embeddable":true,"href":"https:\/\/grupotextil.es\/ca\/wp-json\/wp\/v2\/product_tag?post=376091"}],"curies":[{"name":"wp","href":"https:\/\/api.w.org\/{rel}","templated":true}]}}