{"id":376261,"date":"2026-03-08T03:14:23","date_gmt":"2026-03-08T02:14:23","guid":{"rendered":"https:\/\/grupotextil.es\/producto\/sudadera-con-capucha-heavyblend-adulto\/"},"modified":"2026-03-08T03:14:23","modified_gmt":"2026-03-08T02:14:23","slug":"sudadera-con-capucha-heavyblend-adulto","status":"publish","type":"product","link":"https:\/\/grupotextil.es\/ca\/product\/sudadera-con-capucha-heavyblend-adulto\/","title":{"rendered":"Sudadera con capucha HeavyBlend adulto"},"content":{"rendered":"<ul>\n<li>280 g\/m\u00b2 (White: 255 g\/m\u00b2)<\/li>\n<li>50% algod\u00f3n, 50% poli\u00e9ster<\/li>\n<li>Colores Heather: 60% poli\u00e9ster, 40% algod\u00f3n<\/li>\n<li>Hilo Open end<\/li>\n<li>Capucha con doble forro y cord\u00f3n a juego<\/li>\n<li>Mangas montadas<\/li>\n<li>Bolsillo canguro<\/li>\n<li>Pu\u00f1os y bajo en canal\u00e9 el\u00e1stico<\/li>\n<li>Tejido tubular<\/li>\n<li>Ajuste cl\u00e1sico<\/li>\n<\/ul>","protected":false},"excerpt":{"rendered":"<p>280 g\/m\u00b2 (White: 255 g\/m\u00b2)50% algod\u00f3n, 50% poli\u00e9sterColores Heather: 60% poli\u00e9ster, 40% algod\u00f3nHilo Open endCapucha con doble forro y cord\u00f3n a juegoMangas montadasBolsillo canguroPu\u00f1os y bajo en canal<\/p>","protected":false},"featured_media":414790,"comment_status":"open","ping_status":"closed","template":"","meta":{"_acf_changed":false},"product_brand":[11666],"product_cat":[13977,13986,13974,13975,13973],"product_tag":[14009],"class_list":{"0":"post-376261","1":"product","2":"type-product","3":"status-publish","4":"has-post-thumbnail","6":"product_brand-gildan","7":"product_cat-h-camisetas-manga-corta","8":"product_cat-m-camisetas-manga-corta","9":"product_cat-ropa-hombre","10":"product_cat-ropa-mujer","11":"product_cat-ropa","12":"product_tag-top-ventas","13":"tm-no-options","15":"first","16":"instock","17":"taxable","18":"shipping-taxable","19":"product-type-variable"},"acf":[],"_links":{"self":[{"href":"https:\/\/grupotextil.es\/ca\/wp-json\/wp\/v2\/product\/376261","targetHints":{"allow":["GET"]}}],"collection":[{"href":"https:\/\/grupotextil.es\/ca\/wp-json\/wp\/v2\/product"}],"about":[{"href":"https:\/\/grupotextil.es\/ca\/wp-json\/wp\/v2\/types\/product"}],"replies":[{"embeddable":true,"href":"https:\/\/grupotextil.es\/ca\/wp-json\/wp\/v2\/comments?post=376261"}],"wp:featuredmedia":[{"embeddable":true,"href":"https:\/\/grupotextil.es\/ca\/wp-json\/wp\/v2\/media\/414790"}],"wp:attachment":[{"href":"https:\/\/grupotextil.es\/ca\/wp-json\/wp\/v2\/media?parent=376261"}],"wp:term":[{"taxonomy":"product_brand","embeddable":true,"href":"https:\/\/grupotextil.es\/ca\/wp-json\/wp\/v2\/product_brand?post=376261"},{"taxonomy":"product_cat","embeddable":true,"href":"https:\/\/grupotextil.es\/ca\/wp-json\/wp\/v2\/product_cat?post=376261"},{"taxonomy":"product_tag","embeddable":true,"href":"https:\/\/grupotextil.es\/ca\/wp-json\/wp\/v2\/product_tag?post=376261"}],"curies":[{"name":"wp","href":"https:\/\/api.w.org\/{rel}","templated":true}]}}