{"id":376713,"date":"2026-03-08T03:16:05","date_gmt":"2026-03-08T02:16:05","guid":{"rendered":"https:\/\/grupotextil.es\/producto\/sudadera-capucha-cremallera-heavyblend\/"},"modified":"2026-03-08T03:16:05","modified_gmt":"2026-03-08T02:16:05","slug":"sudadera-capucha-cremallera-heavyblend","status":"publish","type":"product","link":"https:\/\/grupotextil.es\/ca\/product\/sudadera-capucha-cremallera-heavyblend\/","title":{"rendered":"Sweatshirt capucha cremallera Heavyblend"},"content":{"rendered":"<ul>\n<li>271 g\/m\u00b2 (White: 257 g\/m\u00b2)<\/li>\n<li>50% algod\u00f3n, 50% poli\u00e9ster<\/li>\n<li>Hilo Open end<\/li>\n<li>Capucha con cord\u00f3n a juego<\/li>\n<li>Cremallera completa de metal Kissing<\/li>\n<li>Mangas montadas<\/li>\n<li>Ribete el\u00e1stico acanalado en los extremos de las mangas y el dobladillo inferior<\/li>\n<li>Bolsillos parche<\/li>\n<li>Doble costura en mangas y dobladillo<\/li>\n<li>Tejido tubular<\/li>\n<li>Ajuste cl\u00e1sico<\/li>\n<\/ul>","protected":false},"excerpt":{"rendered":"<p>271 g\/m\u00b2 (White: 257 g\/m\u00b2)50% algod\u00f3n, 50% poli\u00e9sterHilo Open endCapucha con cord\u00f3n a juegoCremallera completa de metal KissingMangas montadasRibete el\u00e1stico acanalado en los extremos de las mangas y<\/p>","protected":false},"featured_media":414830,"comment_status":"open","ping_status":"closed","template":"","meta":{"_acf_changed":false},"product_brand":[11666],"product_cat":[13977,13986,13974,13975,13973],"product_tag":[14009],"class_list":{"0":"post-376713","1":"product","2":"type-product","3":"status-publish","4":"has-post-thumbnail","6":"product_brand-gildan","7":"product_cat-h-camisetas-manga-corta","8":"product_cat-m-camisetas-manga-corta","9":"product_cat-ropa-hombre","10":"product_cat-ropa-mujer","11":"product_cat-ropa","12":"product_tag-top-ventas","13":"tm-no-options","15":"first","16":"instock","17":"taxable","18":"shipping-taxable","19":"product-type-variable"},"acf":[],"_links":{"self":[{"href":"https:\/\/grupotextil.es\/ca\/wp-json\/wp\/v2\/product\/376713","targetHints":{"allow":["GET"]}}],"collection":[{"href":"https:\/\/grupotextil.es\/ca\/wp-json\/wp\/v2\/product"}],"about":[{"href":"https:\/\/grupotextil.es\/ca\/wp-json\/wp\/v2\/types\/product"}],"replies":[{"embeddable":true,"href":"https:\/\/grupotextil.es\/ca\/wp-json\/wp\/v2\/comments?post=376713"}],"wp:featuredmedia":[{"embeddable":true,"href":"https:\/\/grupotextil.es\/ca\/wp-json\/wp\/v2\/media\/414830"}],"wp:attachment":[{"href":"https:\/\/grupotextil.es\/ca\/wp-json\/wp\/v2\/media?parent=376713"}],"wp:term":[{"taxonomy":"product_brand","embeddable":true,"href":"https:\/\/grupotextil.es\/ca\/wp-json\/wp\/v2\/product_brand?post=376713"},{"taxonomy":"product_cat","embeddable":true,"href":"https:\/\/grupotextil.es\/ca\/wp-json\/wp\/v2\/product_cat?post=376713"},{"taxonomy":"product_tag","embeddable":true,"href":"https:\/\/grupotextil.es\/ca\/wp-json\/wp\/v2\/product_tag?post=376713"}],"curies":[{"name":"wp","href":"https:\/\/api.w.org\/{rel}","templated":true}]}}