{"id":376968,"date":"2026-03-08T03:16:28","date_gmt":"2026-03-08T02:16:28","guid":{"rendered":"https:\/\/grupotextil.es\/producto\/sudadera-con-cremallera-hombre\/"},"modified":"2026-03-08T03:16:28","modified_gmt":"2026-03-08T02:16:28","slug":"sudadera-con-cremallera-hombre","status":"publish","type":"product","link":"https:\/\/grupotextil.es\/ca\/product\/sudadera-con-cremallera-hombre\/","title":{"rendered":"Sudadera con cremallera hombre"},"content":{"rendered":"<ul>\n<li>310 g\/m\u00b2<\/li>\n<li>70% algod\u00f3n ring-spun, 30% poli\u00e9ster<\/li>\n<li>Algod\u00f3n egipicio de fibra larga<\/li>\n<li>Tejido de 3 hilos para una superf\u00edcie m\u00e1s tersa<\/li>\n<li>Doblemente te\u00f1ido para conseguir unos colores m\u00e1s brillantes<\/li>\n<li>Interior de punto raspado<\/li>\n<li>Capucha de doble capa<\/li>\n<li>Cremallera entera<\/li>\n<li>Bolsillos tipo parche<\/li>\n<li>Lycra en todos los ribetes para una mayor estabilidad<\/li>\n<li>Doble puntada<\/li>\n<\/ul>","protected":false},"excerpt":{"rendered":"<p>310 g\/m\u00b270% algod\u00f3n ring-spun, 30% poli\u00e9sterAlgod\u00f3n egipicio de fibra largaTejido de 3 hilos para una superf\u00edcie m\u00e1s tersaDoblemente te\u00f1ido para conseguir unos colores m\u00e1s brillantesInterior de punto<\/p>","protected":false},"featured_media":414876,"comment_status":"open","ping_status":"closed","template":"","meta":{"_acf_changed":false},"product_brand":[11671],"product_cat":[13977,13986,13974,13975,13973],"product_tag":[14009],"class_list":{"0":"post-376968","1":"product","2":"type-product","3":"status-publish","4":"has-post-thumbnail","6":"product_brand-tee-jays","7":"product_cat-h-camisetas-manga-corta","8":"product_cat-m-camisetas-manga-corta","9":"product_cat-ropa-hombre","10":"product_cat-ropa-mujer","11":"product_cat-ropa","12":"product_tag-top-ventas","13":"tm-no-options","15":"first","16":"instock","17":"taxable","18":"shipping-taxable","19":"product-type-variable"},"acf":[],"_links":{"self":[{"href":"https:\/\/grupotextil.es\/ca\/wp-json\/wp\/v2\/product\/376968","targetHints":{"allow":["GET"]}}],"collection":[{"href":"https:\/\/grupotextil.es\/ca\/wp-json\/wp\/v2\/product"}],"about":[{"href":"https:\/\/grupotextil.es\/ca\/wp-json\/wp\/v2\/types\/product"}],"replies":[{"embeddable":true,"href":"https:\/\/grupotextil.es\/ca\/wp-json\/wp\/v2\/comments?post=376968"}],"wp:featuredmedia":[{"embeddable":true,"href":"https:\/\/grupotextil.es\/ca\/wp-json\/wp\/v2\/media\/414876"}],"wp:attachment":[{"href":"https:\/\/grupotextil.es\/ca\/wp-json\/wp\/v2\/media?parent=376968"}],"wp:term":[{"taxonomy":"product_brand","embeddable":true,"href":"https:\/\/grupotextil.es\/ca\/wp-json\/wp\/v2\/product_brand?post=376968"},{"taxonomy":"product_cat","embeddable":true,"href":"https:\/\/grupotextil.es\/ca\/wp-json\/wp\/v2\/product_cat?post=376968"},{"taxonomy":"product_tag","embeddable":true,"href":"https:\/\/grupotextil.es\/ca\/wp-json\/wp\/v2\/product_tag?post=376968"}],"curies":[{"name":"wp","href":"https:\/\/api.w.org\/{rel}","templated":true}]}}