{"id":377167,"date":"2026-03-08T03:17:34","date_gmt":"2026-03-08T02:17:34","guid":{"rendered":"https:\/\/grupotextil.es\/producto\/cotton-twill-cap\/"},"modified":"2026-03-08T03:17:34","modified_gmt":"2026-03-08T02:17:34","slug":"cotton-twill-cap","status":"publish","type":"product","link":"https:\/\/grupotextil.es\/ca\/product\/cotton-twill-cap\/","title":{"rendered":"Cotton Twill Cap"},"content":{"rendered":"<ul>\n<li>269 g\/m\u00b2<\/li>\n<li>100% algod\u00f3n org\u00e1nico<\/li>\n<li>Estilo del Grupo H&amp;M<\/li>\n<li>Dise\u00f1o de seis paneles<\/li>\n<li>Espalda ajustable con hebilla de metal<\/li>\n<li>Cara interior imprimible<\/li>\n<li>Ala dura<\/li>\n<li>Pespunte con una sola aguja<\/li>\n<li>Ojales cosidos<\/li>\n<li>Tacto: Sarga de algod\u00f3n estriada<\/li>\n<li>Prenda lavada<\/li>\n<\/ul>","protected":false},"excerpt":{"rendered":"<p>269 g\/m\u00b2100% algod\u00f3n org\u00e1nicoEstilo del Grupo H&#038;MDise\u00f1o de seis panelesEspalda ajustable con hebilla de metalCara interior imprimibleAla duraPespunte con una sola agujaOjales cosidosTacto: Sarga de al<\/p>","protected":false},"featured_media":415019,"comment_status":"open","ping_status":"closed","template":"","meta":{"_acf_changed":false},"product_brand":[11661],"product_cat":[13948,13954],"product_tag":[],"class_list":{"0":"post-377167","1":"product","2":"type-product","3":"status-publish","4":"has-post-thumbnail","6":"product_brand-true-blanks","7":"product_cat-accesorios","8":"product_cat-acc-bolsas-y-mochilas","9":"tm-no-options","11":"first","12":"instock","13":"taxable","14":"shipping-taxable","15":"product-type-variable"},"acf":[],"_links":{"self":[{"href":"https:\/\/grupotextil.es\/ca\/wp-json\/wp\/v2\/product\/377167","targetHints":{"allow":["GET"]}}],"collection":[{"href":"https:\/\/grupotextil.es\/ca\/wp-json\/wp\/v2\/product"}],"about":[{"href":"https:\/\/grupotextil.es\/ca\/wp-json\/wp\/v2\/types\/product"}],"replies":[{"embeddable":true,"href":"https:\/\/grupotextil.es\/ca\/wp-json\/wp\/v2\/comments?post=377167"}],"wp:featuredmedia":[{"embeddable":true,"href":"https:\/\/grupotextil.es\/ca\/wp-json\/wp\/v2\/media\/415019"}],"wp:attachment":[{"href":"https:\/\/grupotextil.es\/ca\/wp-json\/wp\/v2\/media?parent=377167"}],"wp:term":[{"taxonomy":"product_brand","embeddable":true,"href":"https:\/\/grupotextil.es\/ca\/wp-json\/wp\/v2\/product_brand?post=377167"},{"taxonomy":"product_cat","embeddable":true,"href":"https:\/\/grupotextil.es\/ca\/wp-json\/wp\/v2\/product_cat?post=377167"},{"taxonomy":"product_tag","embeddable":true,"href":"https:\/\/grupotextil.es\/ca\/wp-json\/wp\/v2\/product_tag?post=377167"}],"curies":[{"name":"wp","href":"https:\/\/api.w.org\/{rel}","templated":true}]}}