{"id":377169,"date":"2026-03-08T03:17:36","date_gmt":"2026-03-08T02:17:36","guid":{"rendered":"https:\/\/grupotextil.es\/producto\/gorra-rayada\/"},"modified":"2026-03-08T03:17:36","modified_gmt":"2026-03-08T02:17:36","slug":"gorra-rayada","status":"publish","type":"product","link":"https:\/\/grupotextil.es\/ca\/product\/gorra-rayada\/","title":{"rendered":"Cap rayada"},"content":{"rendered":"<ul>\n<li>97% poli\u00e9ster, 3% elast\u00e1n<\/li>\n<li>6 paneles<\/li>\n<li>A rayas<\/li>\n<li>Visera con 8 filas de pespuntes<\/li>\n<li>Visera precurvada<\/li>\n<li>Ligera y f\u00e1cil de bordar<\/li>\n<\/ul>","protected":false},"excerpt":{"rendered":"<p>97% poli\u00e9ster, 3% elast\u00e1n6 panelesA rayasVisera con 8 filas de pespuntesVisera precurvadaLigera y f\u00e1cil de bordar<\/p>","protected":false},"featured_media":415024,"comment_status":"open","ping_status":"closed","template":"","meta":{"_acf_changed":false},"product_brand":[11678],"product_cat":[13948,13954],"product_tag":[],"class_list":{"0":"post-377169","1":"product","2":"type-product","3":"status-publish","4":"has-post-thumbnail","6":"product_brand-flexfit","7":"product_cat-accesorios","8":"product_cat-acc-bolsas-y-mochilas","9":"tm-no-options","11":"first","12":"instock","13":"taxable","14":"shipping-taxable","15":"product-type-variable"},"acf":[],"_links":{"self":[{"href":"https:\/\/grupotextil.es\/ca\/wp-json\/wp\/v2\/product\/377169","targetHints":{"allow":["GET"]}}],"collection":[{"href":"https:\/\/grupotextil.es\/ca\/wp-json\/wp\/v2\/product"}],"about":[{"href":"https:\/\/grupotextil.es\/ca\/wp-json\/wp\/v2\/types\/product"}],"replies":[{"embeddable":true,"href":"https:\/\/grupotextil.es\/ca\/wp-json\/wp\/v2\/comments?post=377169"}],"wp:featuredmedia":[{"embeddable":true,"href":"https:\/\/grupotextil.es\/ca\/wp-json\/wp\/v2\/media\/415024"}],"wp:attachment":[{"href":"https:\/\/grupotextil.es\/ca\/wp-json\/wp\/v2\/media?parent=377169"}],"wp:term":[{"taxonomy":"product_brand","embeddable":true,"href":"https:\/\/grupotextil.es\/ca\/wp-json\/wp\/v2\/product_brand?post=377169"},{"taxonomy":"product_cat","embeddable":true,"href":"https:\/\/grupotextil.es\/ca\/wp-json\/wp\/v2\/product_cat?post=377169"},{"taxonomy":"product_tag","embeddable":true,"href":"https:\/\/grupotextil.es\/ca\/wp-json\/wp\/v2\/product_tag?post=377169"}],"curies":[{"name":"wp","href":"https:\/\/api.w.org\/{rel}","templated":true}]}}