{"id":377199,"date":"2026-03-08T03:17:37","date_gmt":"2026-03-08T02:17:37","guid":{"rendered":"https:\/\/grupotextil.es\/producto\/gorra-clasica-snapback\/"},"modified":"2026-03-08T03:17:37","modified_gmt":"2026-03-08T02:17:37","slug":"gorra-clasica-snapback","status":"publish","type":"product","link":"https:\/\/grupotextil.es\/ca\/product\/gorra-clasica-snapback\/","title":{"rendered":"Cap Classic Snapback"},"content":{"rendered":"<ul>\n<li>382 g\/m\u00b2<\/li>\n<li>80% Acr\u00edlico, 20% Lana<\/li>\n<li>Mezcla de lana Premium<\/li>\n<li>Forma cl\u00e1sica<\/li>\n<li>6 paneles<\/li>\n<li>Tejido bucaram r\u00edgido<\/li>\n<li>Visera plana con 8 filas de pespuntes<\/li>\n<li>Parte inferior de la visera en verde (excepto 6 combinaciones de colores)<\/li>\n<li>Cierre de pl\u00e1stico del mismo color.<\/li>\n<\/ul>","protected":false},"excerpt":{"rendered":"<p>382 g\/m\u00b280% Acr\u00edlico, 20% LanaMezcla de lana PremiumForma cl\u00e1sica6 panelesTejido bucaram r\u00edgidoVisera plana con 8 filas de pespuntesParte inferior de la visera en verde (excepto 6 combinaciones de &#8230;<\/p>","protected":false},"featured_media":415072,"comment_status":"open","ping_status":"closed","template":"","meta":{"_acf_changed":false},"product_brand":[11679],"product_cat":[13948,13954],"product_tag":[14009],"class_list":{"0":"post-377199","1":"product","2":"type-product","3":"status-publish","4":"has-post-thumbnail","6":"product_brand-yupoong","7":"product_cat-accesorios","8":"product_cat-acc-bolsas-y-mochilas","9":"product_tag-top-ventas","10":"tm-no-options","12":"first","13":"instock","14":"taxable","15":"shipping-taxable","16":"product-type-variable"},"acf":[],"_links":{"self":[{"href":"https:\/\/grupotextil.es\/ca\/wp-json\/wp\/v2\/product\/377199","targetHints":{"allow":["GET"]}}],"collection":[{"href":"https:\/\/grupotextil.es\/ca\/wp-json\/wp\/v2\/product"}],"about":[{"href":"https:\/\/grupotextil.es\/ca\/wp-json\/wp\/v2\/types\/product"}],"replies":[{"embeddable":true,"href":"https:\/\/grupotextil.es\/ca\/wp-json\/wp\/v2\/comments?post=377199"}],"wp:featuredmedia":[{"embeddable":true,"href":"https:\/\/grupotextil.es\/ca\/wp-json\/wp\/v2\/media\/415072"}],"wp:attachment":[{"href":"https:\/\/grupotextil.es\/ca\/wp-json\/wp\/v2\/media?parent=377199"}],"wp:term":[{"taxonomy":"product_brand","embeddable":true,"href":"https:\/\/grupotextil.es\/ca\/wp-json\/wp\/v2\/product_brand?post=377199"},{"taxonomy":"product_cat","embeddable":true,"href":"https:\/\/grupotextil.es\/ca\/wp-json\/wp\/v2\/product_cat?post=377199"},{"taxonomy":"product_tag","embeddable":true,"href":"https:\/\/grupotextil.es\/ca\/wp-json\/wp\/v2\/product_tag?post=377199"}],"curies":[{"name":"wp","href":"https:\/\/api.w.org\/{rel}","templated":true}]}}