{"id":377226,"date":"2026-03-08T03:17:41","date_gmt":"2026-03-08T02:17:41","guid":{"rendered":"https:\/\/grupotextil.es\/producto\/mochila-enrollable-simplicity\/"},"modified":"2026-03-08T03:17:41","modified_gmt":"2026-03-08T02:17:41","slug":"mochila-enrollable-simplicity","status":"publish","type":"product","link":"https:\/\/grupotextil.es\/ca\/product\/mochila-enrollable-simplicity\/","title":{"rendered":"Mochila enrollable Simplicity"},"content":{"rendered":"<ul>\n<li>100% Poli\u00e9ster (Reciclado, 600D)<\/li>\n<li>Tejido repelente al agua<\/li>\n<li>Estilo minimalista<\/li>\n<li>Correas de hombro acolchadas y ajustables de malla<\/li>\n<li>Cierre enrollable magn\u00e9tico<\/li>\n<li>Panel trasero acolchado de malla de aire<\/li>\n<li>Correa para equipaje trasero<\/li>\n<li>Compartimento acolchado para port\u00e1til, compatible hasta 15,6<\/li>\n<li>Bolsillo externo para f\u00e1cil acceso al compartimento interno para ordenador port\u00e1til<\/li>\n<li>Bolsillo frontal para una f\u00e1cil decoraci\u00f3n.<\/li>\n<li>Bolsillo lateral con cremallera para botella\/paraguas<\/li>\n<li>Bolsillo interior<\/li>\n<li>Etiqueta extra\u00edble para facilitar el cambio de marca<\/li>\n<li>Disponible tambi\u00e9n en tama\u00f1o peque\u00f1o (302.29 &#8211; BG871)<\/li>\n<li>Capacidad: 15 Litros<\/li>\n<li>Dimensiones: 50x40x13cm<\/li>\n<li>M\u00e1x. \u00e1rea de impresi\u00f3n: 27 x 34cm<\/li>\n<\/ul>","protected":false},"excerpt":{"rendered":"<p>100% Poli\u00e9ster (Reciclado, 600D)Tejido repelente al aguaEstilo minimalistaCorreas de hombro acolchadas y ajustables de mallaCierre enrollable magn\u00e9ticoPanel trasero acolchado de malla de aireCorrea&#8230;<\/p>","protected":false},"featured_media":415108,"comment_status":"open","ping_status":"closed","template":"","meta":{"_acf_changed":false},"product_brand":[11668],"product_cat":[13948,13954],"product_tag":[],"class_list":{"0":"post-377226","1":"product","2":"type-product","3":"status-publish","4":"has-post-thumbnail","6":"product_brand-bag-base","7":"product_cat-accesorios","8":"product_cat-acc-bolsas-y-mochilas","9":"tm-no-options","11":"first","12":"instock","13":"taxable","14":"shipping-taxable","15":"product-type-variable"},"acf":[],"_links":{"self":[{"href":"https:\/\/grupotextil.es\/ca\/wp-json\/wp\/v2\/product\/377226","targetHints":{"allow":["GET"]}}],"collection":[{"href":"https:\/\/grupotextil.es\/ca\/wp-json\/wp\/v2\/product"}],"about":[{"href":"https:\/\/grupotextil.es\/ca\/wp-json\/wp\/v2\/types\/product"}],"replies":[{"embeddable":true,"href":"https:\/\/grupotextil.es\/ca\/wp-json\/wp\/v2\/comments?post=377226"}],"wp:featuredmedia":[{"embeddable":true,"href":"https:\/\/grupotextil.es\/ca\/wp-json\/wp\/v2\/media\/415108"}],"wp:attachment":[{"href":"https:\/\/grupotextil.es\/ca\/wp-json\/wp\/v2\/media?parent=377226"}],"wp:term":[{"taxonomy":"product_brand","embeddable":true,"href":"https:\/\/grupotextil.es\/ca\/wp-json\/wp\/v2\/product_brand?post=377226"},{"taxonomy":"product_cat","embeddable":true,"href":"https:\/\/grupotextil.es\/ca\/wp-json\/wp\/v2\/product_cat?post=377226"},{"taxonomy":"product_tag","embeddable":true,"href":"https:\/\/grupotextil.es\/ca\/wp-json\/wp\/v2\/product_tag?post=377226"}],"curies":[{"name":"wp","href":"https:\/\/api.w.org\/{rel}","templated":true}]}}