{"id":377405,"date":"2026-03-08T03:17:55","date_gmt":"2026-03-08T02:17:55","guid":{"rendered":"https:\/\/grupotextil.es\/producto\/gorra-dos-tonos-snapback\/"},"modified":"2026-03-08T03:17:55","modified_gmt":"2026-03-08T02:17:55","slug":"gorra-dos-tonos-snapback","status":"publish","type":"product","link":"https:\/\/grupotextil.es\/ca\/product\/gorra-dos-tonos-snapback\/","title":{"rendered":"Cap dos tonos Snapback"},"content":{"rendered":"<ul>\n<li>382 g\/m\u00b2<\/li>\n<li>80% acr\u00edlico, 20% lana<\/li>\n<li>Mezcla de lana Premium<\/li>\n<li>Forma cl\u00e1sica de dos tonos<\/li>\n<li>6 paneles<\/li>\n<li>Tejido buckram<\/li>\n<li>Bot\u00f3n y ojales en color de contraste<\/li>\n<li>Visera plana con 8 filas de pespuntes<\/li>\n<li>Visera en color de contraste con parte inferior en verde<\/li>\n<\/ul>","protected":false},"excerpt":{"rendered":"<p>382 g\/m\u00b280% acr\u00edlico, 20% lanaMezcla de lana PremiumForma cl\u00e1sica de dos tonos6 panelesTejido buckramBot\u00f3n y ojales en color de contrasteVisera plana con 8 filas de pespuntesVisera en color de contras<\/p>","protected":false},"featured_media":415187,"comment_status":"open","ping_status":"closed","template":"","meta":{"_acf_changed":false},"product_brand":[11679],"product_cat":[13948,13954],"product_tag":[],"class_list":{"0":"post-377405","1":"product","2":"type-product","3":"status-publish","4":"has-post-thumbnail","6":"product_brand-yupoong","7":"product_cat-accesorios","8":"product_cat-acc-bolsas-y-mochilas","9":"tm-no-options","11":"first","12":"instock","13":"taxable","14":"shipping-taxable","15":"product-type-variable"},"acf":[],"_links":{"self":[{"href":"https:\/\/grupotextil.es\/ca\/wp-json\/wp\/v2\/product\/377405","targetHints":{"allow":["GET"]}}],"collection":[{"href":"https:\/\/grupotextil.es\/ca\/wp-json\/wp\/v2\/product"}],"about":[{"href":"https:\/\/grupotextil.es\/ca\/wp-json\/wp\/v2\/types\/product"}],"replies":[{"embeddable":true,"href":"https:\/\/grupotextil.es\/ca\/wp-json\/wp\/v2\/comments?post=377405"}],"wp:featuredmedia":[{"embeddable":true,"href":"https:\/\/grupotextil.es\/ca\/wp-json\/wp\/v2\/media\/415187"}],"wp:attachment":[{"href":"https:\/\/grupotextil.es\/ca\/wp-json\/wp\/v2\/media?parent=377405"}],"wp:term":[{"taxonomy":"product_brand","embeddable":true,"href":"https:\/\/grupotextil.es\/ca\/wp-json\/wp\/v2\/product_brand?post=377405"},{"taxonomy":"product_cat","embeddable":true,"href":"https:\/\/grupotextil.es\/ca\/wp-json\/wp\/v2\/product_cat?post=377405"},{"taxonomy":"product_tag","embeddable":true,"href":"https:\/\/grupotextil.es\/ca\/wp-json\/wp\/v2\/product_tag?post=377405"}],"curies":[{"name":"wp","href":"https:\/\/api.w.org\/{rel}","templated":true}]}}