{"id":377431,"date":"2026-03-08T03:18:00","date_gmt":"2026-03-08T02:18:00","guid":{"rendered":"https:\/\/grupotextil.es\/producto\/mochila-enrollable-simplicity-lite\/"},"modified":"2026-03-08T03:18:00","modified_gmt":"2026-03-08T02:18:00","slug":"mochila-enrollable-simplicity-lite","status":"publish","type":"product","link":"https:\/\/grupotextil.es\/ca\/product\/mochila-enrollable-simplicity-lite\/","title":{"rendered":"Mochila enrollable Simplicity Lite"},"content":{"rendered":"<ul>\n<li>100% Poli\u00e9ster (Reciclado, 600D)<\/li>\n<li>Tejido repelente al agua<\/li>\n<li>Estilo minimalista<\/li>\n<li>Correas de hombro acolchadas y ajustables de malla<\/li>\n<li>Cierre enrollable magn\u00e9tico<\/li>\n<li>Panel trasero acolchado de malla de aire<\/li>\n<li>Correa para equipaje trasero<\/li>\n<li>Compartimento acolchado para port\u00e1til, compatible hasta 11<\/li>\n<li>Bolsillo externo para botella<\/li>\n<li>Bolsillo frontal para una f\u00e1cil decoraci\u00f3n.<\/li>\n<li>Bolsillo lateral con cremallera para botella\/paraguas<\/li>\n<li>Bolsillos internos<\/li>\n<li>Etiqueta extra\u00edble para facilitar el cambio de marca<\/li>\n<li>Disponible tambi\u00e9n en tama\u00f1o grande (301.29 &#8211; BG870)<\/li>\n<li>Capacidad: 12 Litros<\/li>\n<li>Dimensiones: 43x34x11cm<\/li>\n<li>M\u00e1x. \u00e1rea de impresi\u00f3n: 27 x 27cm<\/li>\n<\/ul>","protected":false},"excerpt":{"rendered":"<p>100% Poli\u00e9ster (Reciclado, 600D)Tejido repelente al aguaEstilo minimalistaCorreas de hombro acolchadas y ajustables de mallaCierre enrollable magn\u00e9ticoPanel trasero acolchado de malla de aireCorrea&#8230;<\/p>","protected":false},"featured_media":415210,"comment_status":"open","ping_status":"closed","template":"","meta":{"_acf_changed":false},"product_brand":[11668],"product_cat":[13948,13954],"product_tag":[],"class_list":{"0":"post-377431","1":"product","2":"type-product","3":"status-publish","4":"has-post-thumbnail","6":"product_brand-bag-base","7":"product_cat-accesorios","8":"product_cat-acc-bolsas-y-mochilas","9":"tm-no-options","11":"first","12":"instock","13":"taxable","14":"shipping-taxable","15":"product-type-variable"},"acf":[],"_links":{"self":[{"href":"https:\/\/grupotextil.es\/ca\/wp-json\/wp\/v2\/product\/377431","targetHints":{"allow":["GET"]}}],"collection":[{"href":"https:\/\/grupotextil.es\/ca\/wp-json\/wp\/v2\/product"}],"about":[{"href":"https:\/\/grupotextil.es\/ca\/wp-json\/wp\/v2\/types\/product"}],"replies":[{"embeddable":true,"href":"https:\/\/grupotextil.es\/ca\/wp-json\/wp\/v2\/comments?post=377431"}],"wp:featuredmedia":[{"embeddable":true,"href":"https:\/\/grupotextil.es\/ca\/wp-json\/wp\/v2\/media\/415210"}],"wp:attachment":[{"href":"https:\/\/grupotextil.es\/ca\/wp-json\/wp\/v2\/media?parent=377431"}],"wp:term":[{"taxonomy":"product_brand","embeddable":true,"href":"https:\/\/grupotextil.es\/ca\/wp-json\/wp\/v2\/product_brand?post=377431"},{"taxonomy":"product_cat","embeddable":true,"href":"https:\/\/grupotextil.es\/ca\/wp-json\/wp\/v2\/product_cat?post=377431"},{"taxonomy":"product_tag","embeddable":true,"href":"https:\/\/grupotextil.es\/ca\/wp-json\/wp\/v2\/product_tag?post=377431"}],"curies":[{"name":"wp","href":"https:\/\/api.w.org\/{rel}","templated":true}]}}