{"id":377617,"date":"2026-03-08T03:18:20","date_gmt":"2026-03-08T02:18:20","guid":{"rendered":"https:\/\/grupotextil.es\/producto\/gorra-foam\/"},"modified":"2026-03-08T03:18:20","modified_gmt":"2026-03-08T02:18:20","slug":"gorra-foam","status":"publish","type":"product","link":"https:\/\/grupotextil.es\/ca\/product\/gorra-foam\/","title":{"rendered":"Cap Foam"},"content":{"rendered":"<ul>\n<li>330 g\/m\u00b2<\/li>\n<li>60% algod\u00f3n, 40% poli\u00e9ster<\/li>\n<li>5 paneles<\/li>\n<li>Panel frontal sin costuras<\/li>\n<li>Parte trasera de malla<\/li>\n<li>Visera con seis filas de pespuntes<\/li>\n<li>Forma cl\u00e1sica, visera plana del mismo color<\/li>\n<\/ul>","protected":false},"excerpt":{"rendered":"<p>330 g\/m\u00b260% algod\u00f3n, 40% poli\u00e9ster5 panelesPanel frontal sin costurasParte trasera de mallaVisera con seis filas de pespuntesForma cl\u00e1sica, visera plana del mismo color<\/p>","protected":false},"featured_media":415499,"comment_status":"open","ping_status":"closed","template":"","meta":{"_acf_changed":false},"product_brand":[11679],"product_cat":[13948,13954],"product_tag":[],"class_list":{"0":"post-377617","1":"product","2":"type-product","3":"status-publish","4":"has-post-thumbnail","6":"product_brand-yupoong","7":"product_cat-accesorios","8":"product_cat-acc-bolsas-y-mochilas","9":"tm-no-options","11":"first","12":"instock","13":"taxable","14":"shipping-taxable","15":"product-type-variable"},"acf":[],"_links":{"self":[{"href":"https:\/\/grupotextil.es\/ca\/wp-json\/wp\/v2\/product\/377617","targetHints":{"allow":["GET"]}}],"collection":[{"href":"https:\/\/grupotextil.es\/ca\/wp-json\/wp\/v2\/product"}],"about":[{"href":"https:\/\/grupotextil.es\/ca\/wp-json\/wp\/v2\/types\/product"}],"replies":[{"embeddable":true,"href":"https:\/\/grupotextil.es\/ca\/wp-json\/wp\/v2\/comments?post=377617"}],"wp:featuredmedia":[{"embeddable":true,"href":"https:\/\/grupotextil.es\/ca\/wp-json\/wp\/v2\/media\/415499"}],"wp:attachment":[{"href":"https:\/\/grupotextil.es\/ca\/wp-json\/wp\/v2\/media?parent=377617"}],"wp:term":[{"taxonomy":"product_brand","embeddable":true,"href":"https:\/\/grupotextil.es\/ca\/wp-json\/wp\/v2\/product_brand?post=377617"},{"taxonomy":"product_cat","embeddable":true,"href":"https:\/\/grupotextil.es\/ca\/wp-json\/wp\/v2\/product_cat?post=377617"},{"taxonomy":"product_tag","embeddable":true,"href":"https:\/\/grupotextil.es\/ca\/wp-json\/wp\/v2\/product_tag?post=377617"}],"curies":[{"name":"wp","href":"https:\/\/api.w.org\/{rel}","templated":true}]}}