{"id":377653,"date":"2026-03-08T03:18:25","date_gmt":"2026-03-08T02:18:25","guid":{"rendered":"https:\/\/grupotextil.es\/producto\/mochila-cruzada-premium-recycled\/"},"modified":"2026-03-08T03:18:25","modified_gmt":"2026-03-08T02:18:25","slug":"mochila-cruzada-premium-recycled","status":"publish","type":"product","link":"https:\/\/grupotextil.es\/ca\/product\/mochila-cruzada-premium-recycled\/","title":{"rendered":"Mochila Cruzada Premium reciclado"},"content":{"rendered":"<ul>\n<li>230 g\/m\u00b2<\/li>\n<li>100 % poli\u00e9ster 600D (reciclado)<\/li>\n<li>Totalmente forrado con poli\u00e9ster 210D 100 % reciclado<\/li>\n<li>Contiene 100% poli\u00e9ster reciclado certificado por GRS, certificado por Control Union CU811033<\/li>\n<li>Libre de PVC<\/li>\n<li>Apertura con cremallera bidireccional para un f\u00e1cil acceso.<\/li>\n<li>Bolsillo frontal con cremallera<\/li>\n<li>Correa de cintura totalmente ajustable<\/li>\n<li>Etiqueta extra\u00edble para facilitar el cambio de marca<\/li>\n<\/ul>","protected":false},"excerpt":{"rendered":"<p>230 g\/m\u00b2100 % poli\u00e9ster 600D (reciclado)Totalmente forrado con poli\u00e9ster 210D 100 % recicladoContiene 100% poli\u00e9ster reciclado certificado por GRS, certificado por Control Union CU811033Libre de PV&#8230;<\/p>","protected":false},"featured_media":415576,"comment_status":"open","ping_status":"closed","template":"","meta":{"_acf_changed":false},"product_brand":[11668],"product_cat":[13948,13954],"product_tag":[],"class_list":{"0":"post-377653","1":"product","2":"type-product","3":"status-publish","4":"has-post-thumbnail","6":"product_brand-bag-base","7":"product_cat-accesorios","8":"product_cat-acc-bolsas-y-mochilas","9":"tm-no-options","11":"first","12":"instock","13":"taxable","14":"shipping-taxable","15":"product-type-variable"},"acf":[],"_links":{"self":[{"href":"https:\/\/grupotextil.es\/ca\/wp-json\/wp\/v2\/product\/377653","targetHints":{"allow":["GET"]}}],"collection":[{"href":"https:\/\/grupotextil.es\/ca\/wp-json\/wp\/v2\/product"}],"about":[{"href":"https:\/\/grupotextil.es\/ca\/wp-json\/wp\/v2\/types\/product"}],"replies":[{"embeddable":true,"href":"https:\/\/grupotextil.es\/ca\/wp-json\/wp\/v2\/comments?post=377653"}],"wp:featuredmedia":[{"embeddable":true,"href":"https:\/\/grupotextil.es\/ca\/wp-json\/wp\/v2\/media\/415576"}],"wp:attachment":[{"href":"https:\/\/grupotextil.es\/ca\/wp-json\/wp\/v2\/media?parent=377653"}],"wp:term":[{"taxonomy":"product_brand","embeddable":true,"href":"https:\/\/grupotextil.es\/ca\/wp-json\/wp\/v2\/product_brand?post=377653"},{"taxonomy":"product_cat","embeddable":true,"href":"https:\/\/grupotextil.es\/ca\/wp-json\/wp\/v2\/product_cat?post=377653"},{"taxonomy":"product_tag","embeddable":true,"href":"https:\/\/grupotextil.es\/ca\/wp-json\/wp\/v2\/product_tag?post=377653"}],"curies":[{"name":"wp","href":"https:\/\/api.w.org\/{rel}","templated":true}]}}