{"id":377668,"date":"2026-03-08T03:18:27","date_gmt":"2026-03-08T02:18:27","guid":{"rendered":"https:\/\/grupotextil.es\/producto\/gorra-retro-2-tonos\/"},"modified":"2026-03-08T03:18:27","modified_gmt":"2026-03-08T02:18:27","slug":"gorra-retro-2-tonos","status":"publish","type":"product","link":"https:\/\/grupotextil.es\/ca\/product\/gorra-retro-2-tonos\/","title":{"rendered":"Cap Retro 2 tonos"},"content":{"rendered":"<ul>\n<li>215 g\/m\u00b2<\/li>\n<li>47% algod\u00f3n, 28% nylon, 25% poli\u00e9ster<\/li>\n<li>6 paneles<\/li>\n<li>Parte trasera de malla<\/li>\n<li>Visera con ocho filas de pespuntes<\/li>\n<li>Forma cl\u00e1sica, visera pre-curvada del mismo color<\/li>\n<\/ul>","protected":false},"excerpt":{"rendered":"<p>215 g\/m\u00b247% algod\u00f3n, 28% nylon, 25% poli\u00e9ster6 panelesParte trasera de mallaVisera con ocho filas de pespuntesForma cl\u00e1sica, visera pre-curvada del mismo color<\/p>","protected":false},"featured_media":415601,"comment_status":"open","ping_status":"closed","template":"","meta":{"_acf_changed":false},"product_brand":[11679],"product_cat":[13948,13954],"product_tag":[14009],"class_list":{"0":"post-377668","1":"product","2":"type-product","3":"status-publish","4":"has-post-thumbnail","6":"product_brand-yupoong","7":"product_cat-accesorios","8":"product_cat-acc-bolsas-y-mochilas","9":"product_tag-top-ventas","10":"tm-no-options","12":"first","13":"instock","14":"taxable","15":"shipping-taxable","16":"product-type-variable"},"acf":[],"_links":{"self":[{"href":"https:\/\/grupotextil.es\/ca\/wp-json\/wp\/v2\/product\/377668","targetHints":{"allow":["GET"]}}],"collection":[{"href":"https:\/\/grupotextil.es\/ca\/wp-json\/wp\/v2\/product"}],"about":[{"href":"https:\/\/grupotextil.es\/ca\/wp-json\/wp\/v2\/types\/product"}],"replies":[{"embeddable":true,"href":"https:\/\/grupotextil.es\/ca\/wp-json\/wp\/v2\/comments?post=377668"}],"wp:featuredmedia":[{"embeddable":true,"href":"https:\/\/grupotextil.es\/ca\/wp-json\/wp\/v2\/media\/415601"}],"wp:attachment":[{"href":"https:\/\/grupotextil.es\/ca\/wp-json\/wp\/v2\/media?parent=377668"}],"wp:term":[{"taxonomy":"product_brand","embeddable":true,"href":"https:\/\/grupotextil.es\/ca\/wp-json\/wp\/v2\/product_brand?post=377668"},{"taxonomy":"product_cat","embeddable":true,"href":"https:\/\/grupotextil.es\/ca\/wp-json\/wp\/v2\/product_cat?post=377668"},{"taxonomy":"product_tag","embeddable":true,"href":"https:\/\/grupotextil.es\/ca\/wp-json\/wp\/v2\/product_tag?post=377668"}],"curies":[{"name":"wp","href":"https:\/\/api.w.org\/{rel}","templated":true}]}}