{"id":377696,"date":"2026-03-08T03:18:34","date_gmt":"2026-03-08T02:18:34","guid":{"rendered":"https:\/\/grupotextil.es\/producto\/caja-de-joyas-de-viaje-velvet\/"},"modified":"2026-03-08T03:18:34","modified_gmt":"2026-03-08T02:18:34","slug":"caja-de-joyas-de-viaje-velvet","status":"publish","type":"product","link":"https:\/\/grupotextil.es\/ca\/product\/caja-de-joyas-de-viaje-velvet\/","title":{"rendered":"Caja de joyas de viaje Velvet"},"content":{"rendered":"<ul>\n<li>389 g\/m\u00b2<\/li>\n<li>Terciopelo 100% poli\u00e9ster (reciclado)<\/li>\n<li>Dise\u00f1ado para guardar anillos, pendientes y collares.<\/li>\n<li>Compartimento principal con cremallera<\/li>\n<li>Bolsillo interior y compartimentos.<\/li>\n<li>Forro protector de terciopelo<\/li>\n<li>Tres ganchos seguros para collares<\/li>\n<li>Rollos para pendientes y anillos<\/li>\n<li>Cremallera y tirador de metal dorado de alto brillo.<\/li>\n<li>Panel decorativo extra\u00edble<\/li>\n<li>Etiqueta extra\u00edble para facilitar el cambio de marca<\/li>\n<li>Dimensiones: 15 x 10 x 6 cm<\/li>\n<li>M\u00e1x. \u00e1rea de impresi\u00f3n: 13 x 8 cm.<\/li>\n<\/ul>","protected":false},"excerpt":{"rendered":"<p>389 g\/m\u00b2Terciopelo 100% poli\u00e9ster (reciclado)Dise\u00f1ado para guardar anillos, pendientes y collares.Compartimento principal con cremalleraBolsillo interior y compartimentos.Forro protector de terciop&#8230;<\/p>","protected":false},"featured_media":415607,"comment_status":"open","ping_status":"closed","template":"","meta":{"_acf_changed":false},"product_brand":[11668],"product_cat":[13948,13954],"product_tag":[],"class_list":{"0":"post-377696","1":"product","2":"type-product","3":"status-publish","4":"has-post-thumbnail","6":"product_brand-bag-base","7":"product_cat-accesorios","8":"product_cat-acc-bolsas-y-mochilas","9":"tm-no-options","11":"first","12":"instock","13":"taxable","14":"shipping-taxable","15":"product-type-variable"},"acf":[],"_links":{"self":[{"href":"https:\/\/grupotextil.es\/ca\/wp-json\/wp\/v2\/product\/377696","targetHints":{"allow":["GET"]}}],"collection":[{"href":"https:\/\/grupotextil.es\/ca\/wp-json\/wp\/v2\/product"}],"about":[{"href":"https:\/\/grupotextil.es\/ca\/wp-json\/wp\/v2\/types\/product"}],"replies":[{"embeddable":true,"href":"https:\/\/grupotextil.es\/ca\/wp-json\/wp\/v2\/comments?post=377696"}],"wp:featuredmedia":[{"embeddable":true,"href":"https:\/\/grupotextil.es\/ca\/wp-json\/wp\/v2\/media\/415607"}],"wp:attachment":[{"href":"https:\/\/grupotextil.es\/ca\/wp-json\/wp\/v2\/media?parent=377696"}],"wp:term":[{"taxonomy":"product_brand","embeddable":true,"href":"https:\/\/grupotextil.es\/ca\/wp-json\/wp\/v2\/product_brand?post=377696"},{"taxonomy":"product_cat","embeddable":true,"href":"https:\/\/grupotextil.es\/ca\/wp-json\/wp\/v2\/product_cat?post=377696"},{"taxonomy":"product_tag","embeddable":true,"href":"https:\/\/grupotextil.es\/ca\/wp-json\/wp\/v2\/product_tag?post=377696"}],"curies":[{"name":"wp","href":"https:\/\/api.w.org\/{rel}","templated":true}]}}