{"id":377791,"date":"2026-03-08T03:18:41","date_gmt":"2026-03-08T02:18:41","guid":{"rendered":"https:\/\/grupotextil.es\/producto\/funda-de-accesorios-velvet\/"},"modified":"2026-03-08T03:18:41","modified_gmt":"2026-03-08T02:18:41","slug":"funda-de-accesorios-velvet","status":"publish","type":"product","link":"https:\/\/grupotextil.es\/ca\/product\/funda-de-accesorios-velvet\/","title":{"rendered":"Funda de accesorios Velvet"},"content":{"rendered":"<ul>\n<li>389 g\/m\u00b2<\/li>\n<li>Terciopelo 100% poli\u00e9ster (reciclado)<\/li>\n<li>Multiusos<\/li>\n<li>Forro con acceso con cremallera oculta para decoraci\u00f3n.<\/li>\n<li>Cremallera y tirador de metal dorado de alto brillo.<\/li>\n<li>Etiqueta extra\u00edble para facilitar el cambio de marca<\/li>\n<li>Disponible en dos tama\u00f1os: M y L<\/li>\n<li>Capacidad: M: 2,5 Litros, L: 5 Litros<\/li>\n<li>Dimensiones: M: 23 x 11 x 11 cm, L: 28 x 14 x 14 cm<\/li>\n<li>M\u00e1x. bordado: M: aro de 12 tubulares, L: aro de 15 tubulares<\/li>\n<li>M\u00e1x. \u00e1rea de impresi\u00f3n: M: 22 x 10 cm, L: 26 x 12 cm.<\/li>\n<\/ul>","protected":false},"excerpt":{"rendered":"<p>389 g\/m\u00b2Terciopelo 100% poli\u00e9ster (reciclado)MultiusosForro con acceso con cremallera oculta para decoraci\u00f3n.Cremallera y tirador de metal dorado de alto brillo.Etiqueta extra\u00edble para facilitar el&#8230;<\/p>","protected":false},"featured_media":415689,"comment_status":"open","ping_status":"closed","template":"","meta":{"_acf_changed":false},"product_brand":[11668],"product_cat":[13948,13954],"product_tag":[],"class_list":{"0":"post-377791","1":"product","2":"type-product","3":"status-publish","4":"has-post-thumbnail","6":"product_brand-bag-base","7":"product_cat-accesorios","8":"product_cat-acc-bolsas-y-mochilas","9":"tm-no-options","11":"first","12":"instock","13":"taxable","14":"shipping-taxable","15":"product-type-variable"},"acf":[],"_links":{"self":[{"href":"https:\/\/grupotextil.es\/ca\/wp-json\/wp\/v2\/product\/377791","targetHints":{"allow":["GET"]}}],"collection":[{"href":"https:\/\/grupotextil.es\/ca\/wp-json\/wp\/v2\/product"}],"about":[{"href":"https:\/\/grupotextil.es\/ca\/wp-json\/wp\/v2\/types\/product"}],"replies":[{"embeddable":true,"href":"https:\/\/grupotextil.es\/ca\/wp-json\/wp\/v2\/comments?post=377791"}],"wp:featuredmedia":[{"embeddable":true,"href":"https:\/\/grupotextil.es\/ca\/wp-json\/wp\/v2\/media\/415689"}],"wp:attachment":[{"href":"https:\/\/grupotextil.es\/ca\/wp-json\/wp\/v2\/media?parent=377791"}],"wp:term":[{"taxonomy":"product_brand","embeddable":true,"href":"https:\/\/grupotextil.es\/ca\/wp-json\/wp\/v2\/product_brand?post=377791"},{"taxonomy":"product_cat","embeddable":true,"href":"https:\/\/grupotextil.es\/ca\/wp-json\/wp\/v2\/product_cat?post=377791"},{"taxonomy":"product_tag","embeddable":true,"href":"https:\/\/grupotextil.es\/ca\/wp-json\/wp\/v2\/product_tag?post=377791"}],"curies":[{"name":"wp","href":"https:\/\/api.w.org\/{rel}","templated":true}]}}