{"id":377933,"date":"2026-03-08T03:19:02","date_gmt":"2026-03-08T02:19:02","guid":{"rendered":"https:\/\/grupotextil.es\/producto\/gorra-flexfit-delta\/"},"modified":"2026-03-08T03:19:02","modified_gmt":"2026-03-08T02:19:02","slug":"gorra-flexfit-delta","status":"publish","type":"product","link":"https:\/\/grupotextil.es\/ca\/product\/gorra-flexfit-delta\/","title":{"rendered":"Cap Flexfit Delta"},"content":{"rendered":"<ul>\n<li>60% algod\u00f3n, 40% poli\u00e9ster<\/li>\n<li>Interior: 100% poli\u00e9ster<\/li>\n<li>Tejido ultra ligero y repelente al agua.<\/li>\n<li>6 paneles<\/li>\n<li>Protecci\u00f3n UV<\/li>\n<li>Banda interior de 3 capas<\/li>\n<li>Sin costuras interiores.<\/li>\n<li>Visera con 1 hilera de costuras<\/li>\n<li>Visera interior en contraste negra<\/li>\n<li>Visera precurvada<\/li>\n<\/ul>","protected":false},"excerpt":{"rendered":"<p>60% algod\u00f3n, 40% poli\u00e9sterInterior: 100% poli\u00e9sterTejido ultra ligero y repelente al agua.<\/p>","protected":false},"featured_media":416051,"comment_status":"open","ping_status":"closed","template":"","meta":{"_acf_changed":false},"product_brand":[11678],"product_cat":[13948,13954],"product_tag":[],"class_list":{"0":"post-377933","1":"product","2":"type-product","3":"status-publish","4":"has-post-thumbnail","6":"product_brand-flexfit","7":"product_cat-accesorios","8":"product_cat-acc-bolsas-y-mochilas","9":"tm-no-options","11":"first","12":"instock","13":"taxable","14":"shipping-taxable","15":"product-type-variable"},"acf":[],"_links":{"self":[{"href":"https:\/\/grupotextil.es\/ca\/wp-json\/wp\/v2\/product\/377933","targetHints":{"allow":["GET"]}}],"collection":[{"href":"https:\/\/grupotextil.es\/ca\/wp-json\/wp\/v2\/product"}],"about":[{"href":"https:\/\/grupotextil.es\/ca\/wp-json\/wp\/v2\/types\/product"}],"replies":[{"embeddable":true,"href":"https:\/\/grupotextil.es\/ca\/wp-json\/wp\/v2\/comments?post=377933"}],"wp:featuredmedia":[{"embeddable":true,"href":"https:\/\/grupotextil.es\/ca\/wp-json\/wp\/v2\/media\/416051"}],"wp:attachment":[{"href":"https:\/\/grupotextil.es\/ca\/wp-json\/wp\/v2\/media?parent=377933"}],"wp:term":[{"taxonomy":"product_brand","embeddable":true,"href":"https:\/\/grupotextil.es\/ca\/wp-json\/wp\/v2\/product_brand?post=377933"},{"taxonomy":"product_cat","embeddable":true,"href":"https:\/\/grupotextil.es\/ca\/wp-json\/wp\/v2\/product_cat?post=377933"},{"taxonomy":"product_tag","embeddable":true,"href":"https:\/\/grupotextil.es\/ca\/wp-json\/wp\/v2\/product_tag?post=377933"}],"curies":[{"name":"wp","href":"https:\/\/api.w.org\/{rel}","templated":true}]}}