{"id":377960,"date":"2026-03-08T03:19:05","date_gmt":"2026-03-08T02:19:05","guid":{"rendered":"https:\/\/grupotextil.es\/producto\/gorra-snapback-6-paneles-ajustada\/"},"modified":"2026-03-08T03:19:05","modified_gmt":"2026-03-08T02:19:05","slug":"gorra-snapback-6-paneles-ajustada","status":"publish","type":"product","link":"https:\/\/grupotextil.es\/ca\/product\/gorra-snapback-6-paneles-ajustada\/","title":{"rendered":"Cap Snapback 6 Panel ajustada"},"content":{"rendered":"<ul>\n<li>63% poli\u00e9ster, 34% algod\u00f3n, 3% elastano<\/li>\n<li>Algod\u00f3n sarga peinado<\/li>\n<li>Forma cl\u00e1sica<\/li>\n<li>6 paneles<\/li>\n<li>Visera plana con 8 filas de pespuntes<\/li>\n<li>Visera inferior del mismo color<\/li>\n<\/ul>","protected":false},"excerpt":{"rendered":"<p>63% poli\u00e9ster, 34% algod\u00f3n, 3% elastanoAlgod\u00f3n sarga peinadoForma cl\u00e1sica6 panelesVisera plana con 8 filas de pespuntesVisera inferior del mismo color<\/p>","protected":false},"featured_media":416071,"comment_status":"open","ping_status":"closed","template":"","meta":{"_acf_changed":false},"product_brand":[11679],"product_cat":[13948,13954],"product_tag":[],"class_list":{"0":"post-377960","1":"product","2":"type-product","3":"status-publish","4":"has-post-thumbnail","6":"product_brand-yupoong","7":"product_cat-accesorios","8":"product_cat-acc-bolsas-y-mochilas","9":"tm-no-options","11":"first","12":"instock","13":"taxable","14":"shipping-taxable","15":"product-type-variable"},"acf":[],"_links":{"self":[{"href":"https:\/\/grupotextil.es\/ca\/wp-json\/wp\/v2\/product\/377960","targetHints":{"allow":["GET"]}}],"collection":[{"href":"https:\/\/grupotextil.es\/ca\/wp-json\/wp\/v2\/product"}],"about":[{"href":"https:\/\/grupotextil.es\/ca\/wp-json\/wp\/v2\/types\/product"}],"replies":[{"embeddable":true,"href":"https:\/\/grupotextil.es\/ca\/wp-json\/wp\/v2\/comments?post=377960"}],"wp:featuredmedia":[{"embeddable":true,"href":"https:\/\/grupotextil.es\/ca\/wp-json\/wp\/v2\/media\/416071"}],"wp:attachment":[{"href":"https:\/\/grupotextil.es\/ca\/wp-json\/wp\/v2\/media?parent=377960"}],"wp:term":[{"taxonomy":"product_brand","embeddable":true,"href":"https:\/\/grupotextil.es\/ca\/wp-json\/wp\/v2\/product_brand?post=377960"},{"taxonomy":"product_cat","embeddable":true,"href":"https:\/\/grupotextil.es\/ca\/wp-json\/wp\/v2\/product_cat?post=377960"},{"taxonomy":"product_tag","embeddable":true,"href":"https:\/\/grupotextil.es\/ca\/wp-json\/wp\/v2\/product_tag?post=377960"}],"curies":[{"name":"wp","href":"https:\/\/api.w.org\/{rel}","templated":true}]}}