{"id":377972,"date":"2026-03-08T03:19:05","date_gmt":"2026-03-08T02:19:05","guid":{"rendered":"https:\/\/grupotextil.es\/producto\/rinonera-sundae\/"},"modified":"2026-03-08T03:19:05","modified_gmt":"2026-03-08T02:19:05","slug":"rinonera-sundae","status":"publish","type":"product","link":"https:\/\/grupotextil.es\/ca\/product\/rinonera-sundae\/","title":{"rendered":"Ri\u00f1onera Sundae"},"content":{"rendered":"<ul>\n<li>300 g\/m\u00b2<\/li>\n<li>100% nailon<\/li>\n<li>Forro: 100% poli\u00e9ster (reciclado)<\/li>\n<li>Tejido y acabado de primera calidad.<\/li>\n<li>Paleta de colores brillantes y llamativos<\/li>\n<li>Compartimento principal con cremallera<\/li>\n<li>Cremallera y tirador de metal dorado cepillado<\/li>\n<li>Correa cruzada ajustable de cincha<\/li>\n<li>Etiqueta extra\u00edble para facilitar el cambio de marca<\/li>\n<li>Correa Ajustable: 92 cm<\/li>\n<li>Capacidad: 2 Litros<\/li>\n<li>Dimensiones: 14 x 20 x 6.5 cm<\/li>\n<li>Bordado m\u00e1x: 12 aros tubulares<\/li>\n<li>\u00c1rea de impresi\u00f3n m\u00e1x: 11 x 16 cm<\/li>\n<\/ul>","protected":false},"excerpt":{"rendered":"<p>300 g\/m\u00b2100% nailonForro: 100% poli\u00e9ster (reciclado)Tejido y acabado de primera calidad.<\/p>","protected":false},"featured_media":416087,"comment_status":"open","ping_status":"closed","template":"","meta":{"_acf_changed":false},"product_brand":[11668],"product_cat":[13948,13954],"product_tag":[],"class_list":{"0":"post-377972","1":"product","2":"type-product","3":"status-publish","4":"has-post-thumbnail","6":"product_brand-bag-base","7":"product_cat-accesorios","8":"product_cat-acc-bolsas-y-mochilas","9":"tm-no-options","11":"first","12":"instock","13":"taxable","14":"shipping-taxable","15":"product-type-variable"},"acf":[],"_links":{"self":[{"href":"https:\/\/grupotextil.es\/ca\/wp-json\/wp\/v2\/product\/377972","targetHints":{"allow":["GET"]}}],"collection":[{"href":"https:\/\/grupotextil.es\/ca\/wp-json\/wp\/v2\/product"}],"about":[{"href":"https:\/\/grupotextil.es\/ca\/wp-json\/wp\/v2\/types\/product"}],"replies":[{"embeddable":true,"href":"https:\/\/grupotextil.es\/ca\/wp-json\/wp\/v2\/comments?post=377972"}],"wp:featuredmedia":[{"embeddable":true,"href":"https:\/\/grupotextil.es\/ca\/wp-json\/wp\/v2\/media\/416087"}],"wp:attachment":[{"href":"https:\/\/grupotextil.es\/ca\/wp-json\/wp\/v2\/media?parent=377972"}],"wp:term":[{"taxonomy":"product_brand","embeddable":true,"href":"https:\/\/grupotextil.es\/ca\/wp-json\/wp\/v2\/product_brand?post=377972"},{"taxonomy":"product_cat","embeddable":true,"href":"https:\/\/grupotextil.es\/ca\/wp-json\/wp\/v2\/product_cat?post=377972"},{"taxonomy":"product_tag","embeddable":true,"href":"https:\/\/grupotextil.es\/ca\/wp-json\/wp\/v2\/product_tag?post=377972"}],"curies":[{"name":"wp","href":"https:\/\/api.w.org\/{rel}","templated":true}]}}