{"id":378020,"date":"2026-03-08T03:19:13","date_gmt":"2026-03-08T02:19:13","guid":{"rendered":"https:\/\/grupotextil.es\/producto\/gorra-camuflaje-true-timber-kanati\/"},"modified":"2026-03-08T03:19:13","modified_gmt":"2026-03-08T02:19:13","slug":"gorra-camuflaje-true-timber-kanati","status":"publish","type":"product","link":"https:\/\/grupotextil.es\/ca\/product\/gorra-camuflaje-true-timber-kanati\/","title":{"rendered":"Cap camuflaje True Timber\u00ae Kanati"},"content":{"rendered":"<ul>\n<li>96% Poli\u00e9ster, 4% Poliuretano (el\u00e1stico)<\/li>\n<li>Aut\u00e9ntico dise\u00f1o TrueTimber\u00ae<\/li>\n<li>6 paneles<\/li>\n<li>Panel estructurado<\/li>\n<li>Tejido bucaram r\u00edgido<\/li>\n<li>Visera con 8 bandas de pespunte<\/li>\n<li>Visera inferior de camuflaje a juego<\/li>\n<li>Cierre de ajuste el\u00e1stico<\/li>\n<\/ul>","protected":false},"excerpt":{"rendered":"<p>96% Poli\u00e9ster, 4% Poliuretano (el\u00e1stico)Aut\u00e9ntico dise\u00f1o TrueTimber\u00ae6 panelesPanel estructuradoTejido bucaram r\u00edgidoVisera con 8 bandas de pespunteVisera inferior de camuflaje a juegoCierre de ajuste<\/p>","protected":false},"featured_media":416242,"comment_status":"open","ping_status":"closed","template":"","meta":{"_acf_changed":false},"product_brand":[11678],"product_cat":[13948,13954],"product_tag":[],"class_list":{"0":"post-378020","1":"product","2":"type-product","3":"status-publish","4":"has-post-thumbnail","6":"product_brand-flexfit","7":"product_cat-accesorios","8":"product_cat-acc-bolsas-y-mochilas","9":"tm-no-options","11":"first","12":"instock","13":"taxable","14":"shipping-taxable","15":"product-type-variable"},"acf":[],"_links":{"self":[{"href":"https:\/\/grupotextil.es\/ca\/wp-json\/wp\/v2\/product\/378020","targetHints":{"allow":["GET"]}}],"collection":[{"href":"https:\/\/grupotextil.es\/ca\/wp-json\/wp\/v2\/product"}],"about":[{"href":"https:\/\/grupotextil.es\/ca\/wp-json\/wp\/v2\/types\/product"}],"replies":[{"embeddable":true,"href":"https:\/\/grupotextil.es\/ca\/wp-json\/wp\/v2\/comments?post=378020"}],"wp:featuredmedia":[{"embeddable":true,"href":"https:\/\/grupotextil.es\/ca\/wp-json\/wp\/v2\/media\/416242"}],"wp:attachment":[{"href":"https:\/\/grupotextil.es\/ca\/wp-json\/wp\/v2\/media?parent=378020"}],"wp:term":[{"taxonomy":"product_brand","embeddable":true,"href":"https:\/\/grupotextil.es\/ca\/wp-json\/wp\/v2\/product_brand?post=378020"},{"taxonomy":"product_cat","embeddable":true,"href":"https:\/\/grupotextil.es\/ca\/wp-json\/wp\/v2\/product_cat?post=378020"},{"taxonomy":"product_tag","embeddable":true,"href":"https:\/\/grupotextil.es\/ca\/wp-json\/wp\/v2\/product_tag?post=378020"}],"curies":[{"name":"wp","href":"https:\/\/api.w.org\/{rel}","templated":true}]}}