{"id":378085,"date":"2026-03-08T03:19:20","date_gmt":"2026-03-08T02:19:20","guid":{"rendered":"https:\/\/grupotextil.es\/producto\/gorra-visera-plana\/"},"modified":"2026-03-08T03:19:20","modified_gmt":"2026-03-08T02:19:20","slug":"gorra-visera-plana","status":"publish","type":"product","link":"https:\/\/grupotextil.es\/ca\/product\/gorra-visera-plana\/","title":{"rendered":"Cap Flat Visor"},"content":{"rendered":"<ul>\n<li>63% poli\u00e9ster, 34% algod\u00f3n, 3% elastano<\/li>\n<li>Tramo de sarga peinada de lana<\/li>\n<li>Forma cl\u00e1sica<\/li>\n<li>6 paneles<\/li>\n<li>Visera plana con 8 hileras de costuras<\/li>\n<li>Parte inferior de la visera del mismo color<\/li>\n<\/ul>","protected":false},"excerpt":{"rendered":"<p>63% poli\u00e9ster, 34% algod\u00f3n, 3% elastanoTramo de sarga peinada de lanaForma cl\u00e1sica6 panelesVisera plana con 8 hileras de costurasParte inferior de la visera del mismo color<\/p>","protected":false},"featured_media":416337,"comment_status":"open","ping_status":"closed","template":"","meta":{"_acf_changed":false},"product_brand":[11678],"product_cat":[13948,13954],"product_tag":[],"class_list":{"0":"post-378085","1":"product","2":"type-product","3":"status-publish","4":"has-post-thumbnail","6":"product_brand-flexfit","7":"product_cat-accesorios","8":"product_cat-acc-bolsas-y-mochilas","9":"tm-no-options","11":"first","12":"instock","13":"taxable","14":"shipping-taxable","15":"product-type-variable"},"acf":[],"_links":{"self":[{"href":"https:\/\/grupotextil.es\/ca\/wp-json\/wp\/v2\/product\/378085","targetHints":{"allow":["GET"]}}],"collection":[{"href":"https:\/\/grupotextil.es\/ca\/wp-json\/wp\/v2\/product"}],"about":[{"href":"https:\/\/grupotextil.es\/ca\/wp-json\/wp\/v2\/types\/product"}],"replies":[{"embeddable":true,"href":"https:\/\/grupotextil.es\/ca\/wp-json\/wp\/v2\/comments?post=378085"}],"wp:featuredmedia":[{"embeddable":true,"href":"https:\/\/grupotextil.es\/ca\/wp-json\/wp\/v2\/media\/416337"}],"wp:attachment":[{"href":"https:\/\/grupotextil.es\/ca\/wp-json\/wp\/v2\/media?parent=378085"}],"wp:term":[{"taxonomy":"product_brand","embeddable":true,"href":"https:\/\/grupotextil.es\/ca\/wp-json\/wp\/v2\/product_brand?post=378085"},{"taxonomy":"product_cat","embeddable":true,"href":"https:\/\/grupotextil.es\/ca\/wp-json\/wp\/v2\/product_cat?post=378085"},{"taxonomy":"product_tag","embeddable":true,"href":"https:\/\/grupotextil.es\/ca\/wp-json\/wp\/v2\/product_tag?post=378085"}],"curies":[{"name":"wp","href":"https:\/\/api.w.org\/{rel}","templated":true}]}}