{"id":378145,"date":"2026-03-08T03:19:23","date_gmt":"2026-03-08T02:19:23","guid":{"rendered":"https:\/\/grupotextil.es\/producto\/rinonera-estampado-leopardo\/"},"modified":"2026-03-08T03:19:23","modified_gmt":"2026-03-08T02:19:23","slug":"rinonera-estampado-leopardo","status":"publish","type":"product","link":"https:\/\/grupotextil.es\/ca\/product\/rinonera-estampado-leopardo\/","title":{"rendered":"Ri\u00f1onera estampado leopardo"},"content":{"rendered":"<ul>\n<li>230 g\/m\u00b2<\/li>\n<li>100 % poli\u00e9ster 600D (reciclado)<\/li>\n<li>Contiene 100 % poli\u00e9ster reciclado certificado GRS (certificado por Control Union CU811033)<\/li>\n<li>Dise\u00f1o con estampado de leopardo<\/li>\n<li>Bolsillo trasero con cremallera<\/li>\n<li>Compartimento principal con cremallera<\/li>\n<li>Bolsillo frontal con cremallera<\/li>\n<li>Apertura con cremallera bidireccional para un f\u00e1cil acceso<\/li>\n<li>Correa de cintura totalmente ajustable<\/li>\n<li>Etiqueta extra\u00edble para facilitar el cambio de marca<\/li>\n<li>Capacidad: 2 litros<\/li>\n<li>Dimensiones: 23 x 15 x 6 cm<\/li>\n<\/ul>","protected":false},"excerpt":{"rendered":"<p>230 g\/m\u00b2100 % poli\u00e9ster 600D (reciclado)Contiene 100 % poli\u00e9ster reciclado certificado GRS (certificado por Control Union CU811033)Dise\u00f1o con estampado de leopardoBolsillo trasero con cremalleraCompar<\/p>","protected":false},"featured_media":416408,"comment_status":"open","ping_status":"closed","template":"","meta":{"_acf_changed":false},"product_brand":[11668],"product_cat":[13948,13954],"product_tag":[14010],"class_list":{"0":"post-378145","1":"product","2":"type-product","3":"status-publish","4":"has-post-thumbnail","6":"product_brand-bag-base","7":"product_cat-accesorios","8":"product_cat-acc-bolsas-y-mochilas","9":"product_tag-nuevo-2026","10":"tm-no-options","12":"first","13":"instock","14":"taxable","15":"shipping-taxable","16":"product-type-variable"},"acf":[],"_links":{"self":[{"href":"https:\/\/grupotextil.es\/ca\/wp-json\/wp\/v2\/product\/378145","targetHints":{"allow":["GET"]}}],"collection":[{"href":"https:\/\/grupotextil.es\/ca\/wp-json\/wp\/v2\/product"}],"about":[{"href":"https:\/\/grupotextil.es\/ca\/wp-json\/wp\/v2\/types\/product"}],"replies":[{"embeddable":true,"href":"https:\/\/grupotextil.es\/ca\/wp-json\/wp\/v2\/comments?post=378145"}],"wp:featuredmedia":[{"embeddable":true,"href":"https:\/\/grupotextil.es\/ca\/wp-json\/wp\/v2\/media\/416408"}],"wp:attachment":[{"href":"https:\/\/grupotextil.es\/ca\/wp-json\/wp\/v2\/media?parent=378145"}],"wp:term":[{"taxonomy":"product_brand","embeddable":true,"href":"https:\/\/grupotextil.es\/ca\/wp-json\/wp\/v2\/product_brand?post=378145"},{"taxonomy":"product_cat","embeddable":true,"href":"https:\/\/grupotextil.es\/ca\/wp-json\/wp\/v2\/product_cat?post=378145"},{"taxonomy":"product_tag","embeddable":true,"href":"https:\/\/grupotextil.es\/ca\/wp-json\/wp\/v2\/product_tag?post=378145"}],"curies":[{"name":"wp","href":"https:\/\/api.w.org\/{rel}","templated":true}]}}