{"id":378202,"date":"2026-03-08T03:19:38","date_gmt":"2026-03-08T02:19:38","guid":{"rendered":"https:\/\/grupotextil.es\/producto\/mochila-de-uso-diario-25-litros-roll-top\/"},"modified":"2026-03-08T03:19:38","modified_gmt":"2026-03-08T02:19:38","slug":"mochila-de-uso-diario-25-litros-roll-top","status":"publish","type":"product","link":"https:\/\/grupotextil.es\/ca\/product\/mochila-de-uso-diario-25-litros-roll-top\/","title":{"rendered":"Mochila de uso diario 25 litros roll-top"},"content":{"rendered":"<ul>\n<li>320 g\/m\u00b2<\/li>\n<li>100 % poli\u00e9ster 900D con revestimiento de PU (reciclado)<\/li>\n<li>Contiene 100 % poli\u00e9ster reciclado certificado GRS (certificado por Control Union CU811033)<\/li>\n<li>Compartimento acolchado para port\u00e1til de hasta 16\u201d<\/li>\n<li>Bolsillo acolchado separado para iPad\/tableta<\/li>\n<li>Bolsillo externo con cremallera para port\u00e1til<\/li>\n<li>Bolsillos laterales el\u00e1sticos<\/li>\n<li>Panel trasero acolchado en malla de aire<\/li>\n<li>Base acolchada<\/li>\n<li>Cierres de cremallera resistentes al agua<\/li>\n<li>Tapa enrollable segura con cierre de gancho met\u00e1lico<\/li>\n<li>Correas de compresi\u00f3n<\/li>\n<li>Correas de hombro ajustables y acolchadas<\/li>\n<li>Asa de mano<\/li>\n<li>Correa pectoral ajustable<\/li>\n<li>Etiqueta extra\u00edble para facilitar el cambio de marca<\/li>\n<li>Capacidad: 25 litros<\/li>\n<li>Dimensiones: 33 x 47 x 19 cm<\/li>\n<\/ul>","protected":false},"excerpt":{"rendered":"<p>320 g\/m\u00b2100 % poli\u00e9ster 900D con revestimiento de PU (reciclado)Contiene 100 % poli\u00e9ster reciclado certificado GRS (certificado por Control Union CU811033)Compartimento acolchado para port\u00e1til de hast<\/p>","protected":false},"featured_media":416531,"comment_status":"open","ping_status":"closed","template":"","meta":{"_acf_changed":false},"product_brand":[11668],"product_cat":[13948,13954],"product_tag":[14010],"class_list":{"0":"post-378202","1":"product","2":"type-product","3":"status-publish","4":"has-post-thumbnail","6":"product_brand-bag-base","7":"product_cat-accesorios","8":"product_cat-acc-bolsas-y-mochilas","9":"product_tag-nuevo-2026","10":"tm-no-options","12":"first","13":"instock","14":"taxable","15":"shipping-taxable","16":"product-type-variable"},"acf":[],"_links":{"self":[{"href":"https:\/\/grupotextil.es\/ca\/wp-json\/wp\/v2\/product\/378202","targetHints":{"allow":["GET"]}}],"collection":[{"href":"https:\/\/grupotextil.es\/ca\/wp-json\/wp\/v2\/product"}],"about":[{"href":"https:\/\/grupotextil.es\/ca\/wp-json\/wp\/v2\/types\/product"}],"replies":[{"embeddable":true,"href":"https:\/\/grupotextil.es\/ca\/wp-json\/wp\/v2\/comments?post=378202"}],"wp:featuredmedia":[{"embeddable":true,"href":"https:\/\/grupotextil.es\/ca\/wp-json\/wp\/v2\/media\/416531"}],"wp:attachment":[{"href":"https:\/\/grupotextil.es\/ca\/wp-json\/wp\/v2\/media?parent=378202"}],"wp:term":[{"taxonomy":"product_brand","embeddable":true,"href":"https:\/\/grupotextil.es\/ca\/wp-json\/wp\/v2\/product_brand?post=378202"},{"taxonomy":"product_cat","embeddable":true,"href":"https:\/\/grupotextil.es\/ca\/wp-json\/wp\/v2\/product_cat?post=378202"},{"taxonomy":"product_tag","embeddable":true,"href":"https:\/\/grupotextil.es\/ca\/wp-json\/wp\/v2\/product_tag?post=378202"}],"curies":[{"name":"wp","href":"https:\/\/api.w.org\/{rel}","templated":true}]}}