{"id":378295,"date":"2026-03-08T03:19:43","date_gmt":"2026-03-08T02:19:43","guid":{"rendered":"https:\/\/grupotextil.es\/producto\/gorra-trucker-5-paneles\/"},"modified":"2026-03-08T03:19:43","modified_gmt":"2026-03-08T02:19:43","slug":"gorra-trucker-5-paneles","status":"publish","type":"product","link":"https:\/\/grupotextil.es\/ca\/product\/gorra-trucker-5-paneles\/","title":{"rendered":"Cap Trucker 5 Panel"},"content":{"rendered":"<ul>\n<li>Panel frontal y visera: 100% algod\u00f3n<\/li>\n<li>Paneles traseros: 100% poli\u00e9ster (malla)<\/li>\n<li>5 paneles<\/li>\n<li>Panel frontal sin costura<\/li>\n<li>Visera con 6 filas de pespuntes<\/li>\n<li>Cierre ajustable de pl\u00e1stico con corchete<\/li>\n<li>Perfecto para impresi\u00f3n y bordado<\/li>\n<\/ul>","protected":false},"excerpt":{"rendered":"<p>Panel frontal y visera: 100% algod\u00f3nPaneles traseros: 100% poli\u00e9ster (malla)5 panelesPanel frontal sin costuraVisera con 6 filas de pespuntesCierre ajustable de pl\u00e1stico con corchetePerfecto para impr<\/p>","protected":false},"featured_media":416675,"comment_status":"open","ping_status":"closed","template":"","meta":{"_acf_changed":false},"product_brand":[11655],"product_cat":[13948,13954],"product_tag":[14009],"class_list":{"0":"post-378295","1":"product","2":"type-product","3":"status-publish","4":"has-post-thumbnail","6":"product_brand-beechfield","7":"product_cat-accesorios","8":"product_cat-acc-bolsas-y-mochilas","9":"product_tag-top-ventas","10":"tm-no-options","12":"first","13":"instock","14":"taxable","15":"shipping-taxable","16":"product-type-variable"},"acf":[],"_links":{"self":[{"href":"https:\/\/grupotextil.es\/ca\/wp-json\/wp\/v2\/product\/378295","targetHints":{"allow":["GET"]}}],"collection":[{"href":"https:\/\/grupotextil.es\/ca\/wp-json\/wp\/v2\/product"}],"about":[{"href":"https:\/\/grupotextil.es\/ca\/wp-json\/wp\/v2\/types\/product"}],"replies":[{"embeddable":true,"href":"https:\/\/grupotextil.es\/ca\/wp-json\/wp\/v2\/comments?post=378295"}],"wp:featuredmedia":[{"embeddable":true,"href":"https:\/\/grupotextil.es\/ca\/wp-json\/wp\/v2\/media\/416675"}],"wp:attachment":[{"href":"https:\/\/grupotextil.es\/ca\/wp-json\/wp\/v2\/media?parent=378295"}],"wp:term":[{"taxonomy":"product_brand","embeddable":true,"href":"https:\/\/grupotextil.es\/ca\/wp-json\/wp\/v2\/product_brand?post=378295"},{"taxonomy":"product_cat","embeddable":true,"href":"https:\/\/grupotextil.es\/ca\/wp-json\/wp\/v2\/product_cat?post=378295"},{"taxonomy":"product_tag","embeddable":true,"href":"https:\/\/grupotextil.es\/ca\/wp-json\/wp\/v2\/product_tag?post=378295"}],"curies":[{"name":"wp","href":"https:\/\/api.w.org\/{rel}","templated":true}]}}