{"id":378460,"date":"2026-03-08T03:19:57","date_gmt":"2026-03-08T02:19:57","guid":{"rendered":"https:\/\/grupotextil.es\/producto\/gorra-snapback-110-visera-curva\/"},"modified":"2026-03-08T03:19:57","modified_gmt":"2026-03-08T02:19:57","slug":"gorra-snapback-110-visera-curva","status":"publish","type":"product","link":"https:\/\/grupotextil.es\/ca\/product\/gorra-snapback-110-visera-curva\/","title":{"rendered":"Cap snapback 110 visera curva"},"content":{"rendered":"<ul>\n<li>268 g\/m\u00b2<\/li>\n<li>34% algod\u00f3n, 63% poli\u00e9ster, 3% elastano<\/li>\n<li>6 paneles<\/li>\n<li>Ojales<\/li>\n<li>Visera curva con 8 l\u00edneas de costura<\/li>\n<li>Cierre ajustable snapback<\/li>\n<\/ul>","protected":false},"excerpt":{"rendered":"<p>268 g\/m\u00b234% algod\u00f3n, 63% poli\u00e9ster, 3% elastano6 panelesOjalesVisera curva con 8 l\u00edneas de costuraCierre ajustable snapback<\/p>","protected":false},"featured_media":416949,"comment_status":"open","ping_status":"closed","template":"","meta":{"_acf_changed":false},"product_brand":[11678],"product_cat":[13948,13954],"product_tag":[],"class_list":{"0":"post-378460","1":"product","2":"type-product","3":"status-publish","4":"has-post-thumbnail","6":"product_brand-flexfit","7":"product_cat-accesorios","8":"product_cat-acc-bolsas-y-mochilas","9":"tm-no-options","11":"first","12":"instock","13":"taxable","14":"shipping-taxable","15":"product-type-variable"},"acf":[],"_links":{"self":[{"href":"https:\/\/grupotextil.es\/ca\/wp-json\/wp\/v2\/product\/378460","targetHints":{"allow":["GET"]}}],"collection":[{"href":"https:\/\/grupotextil.es\/ca\/wp-json\/wp\/v2\/product"}],"about":[{"href":"https:\/\/grupotextil.es\/ca\/wp-json\/wp\/v2\/types\/product"}],"replies":[{"embeddable":true,"href":"https:\/\/grupotextil.es\/ca\/wp-json\/wp\/v2\/comments?post=378460"}],"wp:featuredmedia":[{"embeddable":true,"href":"https:\/\/grupotextil.es\/ca\/wp-json\/wp\/v2\/media\/416949"}],"wp:attachment":[{"href":"https:\/\/grupotextil.es\/ca\/wp-json\/wp\/v2\/media?parent=378460"}],"wp:term":[{"taxonomy":"product_brand","embeddable":true,"href":"https:\/\/grupotextil.es\/ca\/wp-json\/wp\/v2\/product_brand?post=378460"},{"taxonomy":"product_cat","embeddable":true,"href":"https:\/\/grupotextil.es\/ca\/wp-json\/wp\/v2\/product_cat?post=378460"},{"taxonomy":"product_tag","embeddable":true,"href":"https:\/\/grupotextil.es\/ca\/wp-json\/wp\/v2\/product_tag?post=378460"}],"curies":[{"name":"wp","href":"https:\/\/api.w.org\/{rel}","templated":true}]}}