{"id":378698,"date":"2026-03-08T03:20:11","date_gmt":"2026-03-08T02:20:11","guid":{"rendered":"https:\/\/grupotextil.es\/producto\/braga-de-cuello\/"},"modified":"2026-03-08T03:20:11","modified_gmt":"2026-03-08T02:20:11","slug":"braga-de-cuello","status":"publish","type":"product","link":"https:\/\/grupotextil.es\/ca\/product\/braga-de-cuello\/","title":{"rendered":"Braga de cuello"},"content":{"rendered":"<ul>\n<li>Exterior: 100% acr\u00edlico, forro: micro-polar 100% poli\u00e9ster<\/li>\n<li>Exterior tejido galga 9<\/li>\n<li>Cinta con sistema autocierre de gancho<\/li>\n<li>C\u00f3modo y ligero<\/li>\n<li>Protege contra el fr\u00edo<\/li>\n<li>Protege del viento<\/li>\n<li>Est\u00edlo \u00fanico: no es tubular ya que se ajusta<\/li>\n<li>S\/M: 56 x 24 cm, L\/XL: 62 x 28 cm<\/li>\n<li>Apropiada para bordar<\/li>\n<\/ul>","protected":false},"excerpt":{"rendered":"<p>Exterior: 100% acr\u00edlico, forro: micro-polar 100% poli\u00e9sterExterior tejido galga 9Cinta con sistema autocierre de ganchoC\u00f3modo y ligeroProtege contra el fr\u00edoProtege del vientoEst\u00edlo \u00fanico: no es tubula<\/p>","protected":false},"featured_media":417405,"comment_status":"open","ping_status":"closed","template":"","meta":{"_acf_changed":false},"product_brand":[11669],"product_cat":[13948],"product_tag":[],"class_list":{"0":"post-378698","1":"product","2":"type-product","3":"status-publish","4":"has-post-thumbnail","6":"product_brand-result","7":"product_cat-accesorios","8":"tm-no-options","10":"first","11":"instock","12":"taxable","13":"shipping-taxable","14":"product-type-variable"},"acf":[],"_links":{"self":[{"href":"https:\/\/grupotextil.es\/ca\/wp-json\/wp\/v2\/product\/378698","targetHints":{"allow":["GET"]}}],"collection":[{"href":"https:\/\/grupotextil.es\/ca\/wp-json\/wp\/v2\/product"}],"about":[{"href":"https:\/\/grupotextil.es\/ca\/wp-json\/wp\/v2\/types\/product"}],"replies":[{"embeddable":true,"href":"https:\/\/grupotextil.es\/ca\/wp-json\/wp\/v2\/comments?post=378698"}],"wp:featuredmedia":[{"embeddable":true,"href":"https:\/\/grupotextil.es\/ca\/wp-json\/wp\/v2\/media\/417405"}],"wp:attachment":[{"href":"https:\/\/grupotextil.es\/ca\/wp-json\/wp\/v2\/media?parent=378698"}],"wp:term":[{"taxonomy":"product_brand","embeddable":true,"href":"https:\/\/grupotextil.es\/ca\/wp-json\/wp\/v2\/product_brand?post=378698"},{"taxonomy":"product_cat","embeddable":true,"href":"https:\/\/grupotextil.es\/ca\/wp-json\/wp\/v2\/product_cat?post=378698"},{"taxonomy":"product_tag","embeddable":true,"href":"https:\/\/grupotextil.es\/ca\/wp-json\/wp\/v2\/product_tag?post=378698"}],"curies":[{"name":"wp","href":"https:\/\/api.w.org\/{rel}","templated":true}]}}