{"id":378709,"date":"2026-03-08T03:20:15","date_gmt":"2026-03-08T02:20:15","guid":{"rendered":"https:\/\/grupotextil.es\/producto\/gorro-reversible\/"},"modified":"2026-03-08T03:20:15","modified_gmt":"2026-03-08T02:20:15","slug":"gorro-reversible","status":"publish","type":"product","link":"https:\/\/grupotextil.es\/ca\/product\/gorro-reversible\/","title":{"rendered":"Beanie reversible"},"content":{"rendered":"<ul>\n<li>100% poliacr\u00edlico<\/li>\n<li>Tejido denso galga 6<\/li>\n<li>Reversible (interior de un solo color)<\/li>\n<li>Moderno tejido a rayas<\/li>\n<li>Protege contra el fr\u00edo<\/li>\n<li>Protege del viento<\/li>\n<li>Estilo moderno: m\u00e1s largo<\/li>\n<li>Se puede combinar con la bufanda R146X (051.33)<\/li>\n<li>Apropiado para bordar.<\/li>\n<\/ul>","protected":false},"excerpt":{"rendered":"<p>100% poliacr\u00edlicoTejido denso galga 6Reversible (interior de un solo color)Moderno tejido a rayasProtege contra el fr\u00edoProtege del vientoEstilo moderno: m\u00e1s largoSe puede combinar con la bufanda R1&#8230;<\/p>","protected":false},"featured_media":417436,"comment_status":"open","ping_status":"closed","template":"","meta":{"_acf_changed":false},"product_brand":[11669],"product_cat":[13948],"product_tag":[],"class_list":{"0":"post-378709","1":"product","2":"type-product","3":"status-publish","4":"has-post-thumbnail","6":"product_brand-result","7":"product_cat-accesorios","8":"tm-no-options","10":"first","11":"instock","12":"taxable","13":"shipping-taxable","14":"product-type-variable"},"acf":[],"_links":{"self":[{"href":"https:\/\/grupotextil.es\/ca\/wp-json\/wp\/v2\/product\/378709","targetHints":{"allow":["GET"]}}],"collection":[{"href":"https:\/\/grupotextil.es\/ca\/wp-json\/wp\/v2\/product"}],"about":[{"href":"https:\/\/grupotextil.es\/ca\/wp-json\/wp\/v2\/types\/product"}],"replies":[{"embeddable":true,"href":"https:\/\/grupotextil.es\/ca\/wp-json\/wp\/v2\/comments?post=378709"}],"wp:featuredmedia":[{"embeddable":true,"href":"https:\/\/grupotextil.es\/ca\/wp-json\/wp\/v2\/media\/417436"}],"wp:attachment":[{"href":"https:\/\/grupotextil.es\/ca\/wp-json\/wp\/v2\/media?parent=378709"}],"wp:term":[{"taxonomy":"product_brand","embeddable":true,"href":"https:\/\/grupotextil.es\/ca\/wp-json\/wp\/v2\/product_brand?post=378709"},{"taxonomy":"product_cat","embeddable":true,"href":"https:\/\/grupotextil.es\/ca\/wp-json\/wp\/v2\/product_cat?post=378709"},{"taxonomy":"product_tag","embeddable":true,"href":"https:\/\/grupotextil.es\/ca\/wp-json\/wp\/v2\/product_tag?post=378709"}],"curies":[{"name":"wp","href":"https:\/\/api.w.org\/{rel}","templated":true}]}}