{"id":378825,"date":"2026-03-08T03:20:25","date_gmt":"2026-03-08T02:20:25","guid":{"rendered":"https:\/\/grupotextil.es\/producto\/guantes-mitones-palmgrip\/"},"modified":"2026-03-08T03:20:25","modified_gmt":"2026-03-08T02:20:25","slug":"guantes-mitones-palmgrip","status":"publish","type":"product","link":"https:\/\/grupotextil.es\/ca\/product\/guantes-mitones-palmgrip\/","title":{"rendered":"Glove-mitones Palmgrip"},"content":{"rendered":"<ul>\n<li>180 g\/m\u00b2<\/li>\n<li>Exterior: 100% poli\u00e9ster (forro resistente a la formaci\u00f3n de bolitas)<\/li>\n<li>Relleno: 100% poli\u00e9ster<\/li>\n<li>Forro: 100% poli\u00e9ster<\/li>\n<li>C\u00e1lidos , ligeros y el\u00e1sticos<\/li>\n<li>Se secan r\u00e1pido y son transpirables<\/li>\n<li>Cubre dedos desmontable<\/li>\n<li>Refuerzo con adherencia en la palma<\/li>\n<li>Mu\u00f1eca el\u00e1stica<\/li>\n<li>Combina con RC140X (360.34), RC141X (361.34) and R353X (353.33)<\/li>\n<li>Apropiados para bordar y grabado con laser<\/li>\n<\/ul>","protected":false},"excerpt":{"rendered":"<p>180 g\/m\u00b2Exterior: 100% poli\u00e9ster (forro resistente a la formaci\u00f3n de bolitas)Relleno: 100% poli\u00e9sterForro: 100% poli\u00e9sterC\u00e1lidos , ligeros y el\u00e1sticosSe secan r\u00e1pido y son transpirablesCubre dedos &#8230;<\/p>","protected":false},"featured_media":417728,"comment_status":"open","ping_status":"closed","template":"","meta":{"_acf_changed":false},"product_brand":[11669],"product_cat":[13948,13950],"product_tag":[],"class_list":{"0":"post-378825","1":"product","2":"type-product","3":"status-publish","4":"has-post-thumbnail","6":"product_brand-result","7":"product_cat-accesorios","8":"product_cat-gorros-y-beanies","9":"tm-no-options","11":"first","12":"instock","13":"taxable","14":"shipping-taxable","15":"product-type-variable"},"acf":[],"_links":{"self":[{"href":"https:\/\/grupotextil.es\/ca\/wp-json\/wp\/v2\/product\/378825","targetHints":{"allow":["GET"]}}],"collection":[{"href":"https:\/\/grupotextil.es\/ca\/wp-json\/wp\/v2\/product"}],"about":[{"href":"https:\/\/grupotextil.es\/ca\/wp-json\/wp\/v2\/types\/product"}],"replies":[{"embeddable":true,"href":"https:\/\/grupotextil.es\/ca\/wp-json\/wp\/v2\/comments?post=378825"}],"wp:featuredmedia":[{"embeddable":true,"href":"https:\/\/grupotextil.es\/ca\/wp-json\/wp\/v2\/media\/417728"}],"wp:attachment":[{"href":"https:\/\/grupotextil.es\/ca\/wp-json\/wp\/v2\/media?parent=378825"}],"wp:term":[{"taxonomy":"product_brand","embeddable":true,"href":"https:\/\/grupotextil.es\/ca\/wp-json\/wp\/v2\/product_brand?post=378825"},{"taxonomy":"product_cat","embeddable":true,"href":"https:\/\/grupotextil.es\/ca\/wp-json\/wp\/v2\/product_cat?post=378825"},{"taxonomy":"product_tag","embeddable":true,"href":"https:\/\/grupotextil.es\/ca\/wp-json\/wp\/v2\/product_tag?post=378825"}],"curies":[{"name":"wp","href":"https:\/\/api.w.org\/{rel}","templated":true}]}}