{"id":378875,"date":"2026-03-08T03:20:28","date_gmt":"2026-03-08T02:20:28","guid":{"rendered":"https:\/\/grupotextil.es\/producto\/gorro-corkscrew\/"},"modified":"2026-03-08T03:20:28","modified_gmt":"2026-03-08T02:20:28","slug":"gorro-corkscrew","status":"publish","type":"product","link":"https:\/\/grupotextil.es\/ca\/product\/gorro-corkscrew\/","title":{"rendered":"Beanie Corkscrew"},"content":{"rendered":"<ul>\n<li>100% poliacr\u00edlico (soft spun)<\/li>\n<li>Muy calido. Banda t\u00e9rmica de lana<\/li>\n<li>Tejido de punto<\/li>\n<li>Con bandas de 4 colores<\/li>\n<li>Pomp\u00f3n<\/li>\n<li>Base doblada. Facil de personalizar.<\/li>\n<li>Extiqueta extra\u00edble<\/li>\n<\/ul>","protected":false},"excerpt":{"rendered":"<p>100% poliacr\u00edlico (soft spun)Muy calido. Banda t\u00e9rmica de lanaTejido de puntoCon bandas de 4 coloresPomp\u00f3nBase doblada.<\/p>","protected":false},"featured_media":417887,"comment_status":"open","ping_status":"closed","template":"","meta":{"_acf_changed":false},"product_brand":[11655],"product_cat":[13948,13950],"product_tag":[],"class_list":{"0":"post-378875","1":"product","2":"type-product","3":"status-publish","4":"has-post-thumbnail","6":"product_brand-beechfield","7":"product_cat-accesorios","8":"product_cat-gorros-y-beanies","9":"tm-no-options","11":"first","12":"instock","13":"taxable","14":"shipping-taxable","15":"product-type-variable"},"acf":[],"_links":{"self":[{"href":"https:\/\/grupotextil.es\/ca\/wp-json\/wp\/v2\/product\/378875","targetHints":{"allow":["GET"]}}],"collection":[{"href":"https:\/\/grupotextil.es\/ca\/wp-json\/wp\/v2\/product"}],"about":[{"href":"https:\/\/grupotextil.es\/ca\/wp-json\/wp\/v2\/types\/product"}],"replies":[{"embeddable":true,"href":"https:\/\/grupotextil.es\/ca\/wp-json\/wp\/v2\/comments?post=378875"}],"wp:featuredmedia":[{"embeddable":true,"href":"https:\/\/grupotextil.es\/ca\/wp-json\/wp\/v2\/media\/417887"}],"wp:attachment":[{"href":"https:\/\/grupotextil.es\/ca\/wp-json\/wp\/v2\/media?parent=378875"}],"wp:term":[{"taxonomy":"product_brand","embeddable":true,"href":"https:\/\/grupotextil.es\/ca\/wp-json\/wp\/v2\/product_brand?post=378875"},{"taxonomy":"product_cat","embeddable":true,"href":"https:\/\/grupotextil.es\/ca\/wp-json\/wp\/v2\/product_cat?post=378875"},{"taxonomy":"product_tag","embeddable":true,"href":"https:\/\/grupotextil.es\/ca\/wp-json\/wp\/v2\/product_tag?post=378875"}],"curies":[{"name":"wp","href":"https:\/\/api.w.org\/{rel}","templated":true}]}}