{"id":378917,"date":"2026-03-08T03:20:32","date_gmt":"2026-03-08T02:20:32","guid":{"rendered":"https:\/\/grupotextil.es\/producto\/gorra-sandwich-terciopelo-5-paneles\/"},"modified":"2026-03-08T03:20:32","modified_gmt":"2026-03-08T02:20:32","slug":"gorra-sandwich-terciopelo-5-paneles","status":"publish","type":"product","link":"https:\/\/grupotextil.es\/ca\/product\/gorra-sandwich-terciopelo-5-paneles\/","title":{"rendered":"Cap Sandwich Velvet 5 Panel"},"content":{"rendered":"<ul>\n<li>230 g\/m\u00b2<\/li>\n<li>100% algod\u00f3n<\/li>\n<li>Tacto de terciopelo<\/li>\n<li>5 paneles<\/li>\n<li>Panel frontal reforzado sin costuras<\/li>\n<li>Apropiada para decoraci\u00f3n<\/li>\n<li>Visera pre-curvada sandwich<\/li>\n<li>Ojales met\u00e1licos<\/li>\n<\/ul>","protected":false},"excerpt":{"rendered":"<p>230 g\/m\u00b2100% algod\u00f3nTacto de terciopelo5 panelesPanel frontal reforzado sin costurasApropiada para decoraci\u00f3nVisera pre-curvada sandwichOjales met\u00e1licos<\/p>","protected":false},"featured_media":417955,"comment_status":"open","ping_status":"closed","template":"","meta":{"_acf_changed":false},"product_brand":[11659],"product_cat":[13948],"product_tag":[],"class_list":{"0":"post-378917","1":"product","2":"type-product","3":"status-publish","4":"has-post-thumbnail","6":"product_brand-result-caps","7":"product_cat-accesorios","8":"tm-no-options","10":"first","11":"instock","12":"taxable","13":"shipping-taxable","14":"product-type-variable"},"acf":[],"_links":{"self":[{"href":"https:\/\/grupotextil.es\/ca\/wp-json\/wp\/v2\/product\/378917","targetHints":{"allow":["GET"]}}],"collection":[{"href":"https:\/\/grupotextil.es\/ca\/wp-json\/wp\/v2\/product"}],"about":[{"href":"https:\/\/grupotextil.es\/ca\/wp-json\/wp\/v2\/types\/product"}],"replies":[{"embeddable":true,"href":"https:\/\/grupotextil.es\/ca\/wp-json\/wp\/v2\/comments?post=378917"}],"wp:featuredmedia":[{"embeddable":true,"href":"https:\/\/grupotextil.es\/ca\/wp-json\/wp\/v2\/media\/417955"}],"wp:attachment":[{"href":"https:\/\/grupotextil.es\/ca\/wp-json\/wp\/v2\/media?parent=378917"}],"wp:term":[{"taxonomy":"product_brand","embeddable":true,"href":"https:\/\/grupotextil.es\/ca\/wp-json\/wp\/v2\/product_brand?post=378917"},{"taxonomy":"product_cat","embeddable":true,"href":"https:\/\/grupotextil.es\/ca\/wp-json\/wp\/v2\/product_cat?post=378917"},{"taxonomy":"product_tag","embeddable":true,"href":"https:\/\/grupotextil.es\/ca\/wp-json\/wp\/v2\/product_tag?post=378917"}],"curies":[{"name":"wp","href":"https:\/\/api.w.org\/{rel}","templated":true}]}}