{"id":378933,"date":"2026-03-08T03:20:33","date_gmt":"2026-03-08T02:20:33","guid":{"rendered":"https:\/\/grupotextil.es\/producto\/gorra-snapback-portalapices\/"},"modified":"2026-03-08T03:20:33","modified_gmt":"2026-03-08T02:20:33","slug":"gorra-snapback-portalapices","status":"publish","type":"product","link":"https:\/\/grupotextil.es\/ca\/product\/gorra-snapback-portalapices\/","title":{"rendered":"Cap Snapback Portal\u00e1pices"},"content":{"rendered":"<ul>\n<li>265 g\/m\u00b2<\/li>\n<li>100% Algod\u00f3n<\/li>\n<li>Patr\u00f3n de tejido fino<\/li>\n<li>Algod\u00f3n agradable al tacto<\/li>\n<li>6 paneles<\/li>\n<li>3 portal\u00e1pices integrados en el panel lateral izquierdo<\/li>\n<li>Visera plana con 8 filas de pespuntes<\/li>\n<li>Visera inferior a juego<\/li>\n<li>Cierre a presi\u00f3n<\/li>\n<\/ul>","protected":false},"excerpt":{"rendered":"<p>265 g\/m\u00b2100% Algod\u00f3nPatr\u00f3n de tejido finoAlgod\u00f3n agradable al tacto6 paneles3 portal\u00e1pices integrados en el panel lateral izquierdoVisera plana con 8 filas de pespuntesVisera inferior a juegoCierre a<\/p>","protected":false},"featured_media":418009,"comment_status":"open","ping_status":"closed","template":"","meta":{"_acf_changed":false},"product_brand":[11678],"product_cat":[13948],"product_tag":[],"class_list":{"0":"post-378933","1":"product","2":"type-product","3":"status-publish","4":"has-post-thumbnail","6":"product_brand-flexfit","7":"product_cat-accesorios","8":"tm-no-options","10":"first","11":"instock","12":"taxable","13":"shipping-taxable","14":"product-type-variable"},"acf":[],"_links":{"self":[{"href":"https:\/\/grupotextil.es\/ca\/wp-json\/wp\/v2\/product\/378933","targetHints":{"allow":["GET"]}}],"collection":[{"href":"https:\/\/grupotextil.es\/ca\/wp-json\/wp\/v2\/product"}],"about":[{"href":"https:\/\/grupotextil.es\/ca\/wp-json\/wp\/v2\/types\/product"}],"replies":[{"embeddable":true,"href":"https:\/\/grupotextil.es\/ca\/wp-json\/wp\/v2\/comments?post=378933"}],"wp:featuredmedia":[{"embeddable":true,"href":"https:\/\/grupotextil.es\/ca\/wp-json\/wp\/v2\/media\/418009"}],"wp:attachment":[{"href":"https:\/\/grupotextil.es\/ca\/wp-json\/wp\/v2\/media?parent=378933"}],"wp:term":[{"taxonomy":"product_brand","embeddable":true,"href":"https:\/\/grupotextil.es\/ca\/wp-json\/wp\/v2\/product_brand?post=378933"},{"taxonomy":"product_cat","embeddable":true,"href":"https:\/\/grupotextil.es\/ca\/wp-json\/wp\/v2\/product_cat?post=378933"},{"taxonomy":"product_tag","embeddable":true,"href":"https:\/\/grupotextil.es\/ca\/wp-json\/wp\/v2\/product_tag?post=378933"}],"curies":[{"name":"wp","href":"https:\/\/api.w.org\/{rel}","templated":true}]}}