{"id":378936,"date":"2026-03-08T03:20:33","date_gmt":"2026-03-08T02:20:33","guid":{"rendered":"https:\/\/grupotextil.es\/producto\/gorra-dad-de-poliester-reciclado\/"},"modified":"2026-03-08T03:20:33","modified_gmt":"2026-03-08T02:20:33","slug":"gorra-dad-de-poliester-reciclado","status":"publish","type":"product","link":"https:\/\/grupotextil.es\/ca\/product\/gorra-dad-de-poliester-reciclado\/","title":{"rendered":"Cap Dad de Poli\u00e9ster reciclado"},"content":{"rendered":"<ul>\n<li>206 g\/m\u00b2<\/li>\n<li>100% Poli\u00e9ster (reciclado)<\/li>\n<li>6 paneles<\/li>\n<li>Visera con 6 filas de pespuntes<\/li>\n<li>Visera inferior a juego<\/li>\n<li>Visera precurvada<\/li>\n<li>Ajuste de tama\u00f1o del mismo tejido con hebilla met\u00e1lica<\/li>\n<\/ul>","protected":false},"excerpt":{"rendered":"<p>206 g\/m\u00b2100% Poli\u00e9ster (reciclado)6 panelesVisera con 6 filas de pespuntesVisera inferior a juegoVisera precurvadaAjuste de tama\u00f1o del mismo tejido con hebilla met\u00e1lica<\/p>","protected":false},"featured_media":418025,"comment_status":"open","ping_status":"closed","template":"","meta":{"_acf_changed":false},"product_brand":[11678],"product_cat":[13948],"product_tag":[],"class_list":{"0":"post-378936","1":"product","2":"type-product","3":"status-publish","4":"has-post-thumbnail","6":"product_brand-flexfit","7":"product_cat-accesorios","8":"tm-no-options","10":"first","11":"instock","12":"taxable","13":"shipping-taxable","14":"product-type-variable"},"acf":[],"_links":{"self":[{"href":"https:\/\/grupotextil.es\/ca\/wp-json\/wp\/v2\/product\/378936","targetHints":{"allow":["GET"]}}],"collection":[{"href":"https:\/\/grupotextil.es\/ca\/wp-json\/wp\/v2\/product"}],"about":[{"href":"https:\/\/grupotextil.es\/ca\/wp-json\/wp\/v2\/types\/product"}],"replies":[{"embeddable":true,"href":"https:\/\/grupotextil.es\/ca\/wp-json\/wp\/v2\/comments?post=378936"}],"wp:featuredmedia":[{"embeddable":true,"href":"https:\/\/grupotextil.es\/ca\/wp-json\/wp\/v2\/media\/418025"}],"wp:attachment":[{"href":"https:\/\/grupotextil.es\/ca\/wp-json\/wp\/v2\/media?parent=378936"}],"wp:term":[{"taxonomy":"product_brand","embeddable":true,"href":"https:\/\/grupotextil.es\/ca\/wp-json\/wp\/v2\/product_brand?post=378936"},{"taxonomy":"product_cat","embeddable":true,"href":"https:\/\/grupotextil.es\/ca\/wp-json\/wp\/v2\/product_cat?post=378936"},{"taxonomy":"product_tag","embeddable":true,"href":"https:\/\/grupotextil.es\/ca\/wp-json\/wp\/v2\/product_tag?post=378936"}],"curies":[{"name":"wp","href":"https:\/\/api.w.org\/{rel}","templated":true}]}}