{"id":378948,"date":"2026-03-08T03:20:34","date_gmt":"2026-03-08T02:20:34","guid":{"rendered":"https:\/\/grupotextil.es\/producto\/gorra-de-malla-110-flexfit-ripstop\/"},"modified":"2026-03-08T03:20:34","modified_gmt":"2026-03-08T02:20:34","slug":"gorra-de-malla-110-flexfit-ripstop","status":"publish","type":"product","link":"https:\/\/grupotextil.es\/ca\/product\/gorra-de-malla-110-flexfit-ripstop\/","title":{"rendered":"Cap Mesh 110 Flexfit Ripstop"},"content":{"rendered":"<ul>\n<li>225 g\/m\u00b2<\/li>\n<li>98% Algod\u00f3n, 2% Elastano<\/li>\n<li>Paneles de malla: 100% Poli\u00e9ster<\/li>\n<li>6 paneles<\/li>\n<li>Visera con 8 filas de pespuntes<\/li>\n<li>Visera inferior a juego<\/li>\n<li>Visera precurvada<\/li>\n<li>Cierre a presi\u00f3n<\/li>\n<\/ul>","protected":false},"excerpt":{"rendered":"<p>225 g\/m\u00b298% Algod\u00f3n, 2% ElastanoPaneles de malla: 100% Poli\u00e9ster6 panelesVisera con 8 filas de pespuntesVisera inferior a juegoVisera precurvadaCierre a presi\u00f3n<\/p>","protected":false},"featured_media":418061,"comment_status":"open","ping_status":"closed","template":"","meta":{"_acf_changed":false},"product_brand":[11678],"product_cat":[13948],"product_tag":[],"class_list":{"0":"post-378948","1":"product","2":"type-product","3":"status-publish","4":"has-post-thumbnail","6":"product_brand-flexfit","7":"product_cat-accesorios","8":"tm-no-options","10":"first","11":"instock","12":"taxable","13":"shipping-taxable","14":"product-type-variable"},"acf":[],"_links":{"self":[{"href":"https:\/\/grupotextil.es\/ca\/wp-json\/wp\/v2\/product\/378948","targetHints":{"allow":["GET"]}}],"collection":[{"href":"https:\/\/grupotextil.es\/ca\/wp-json\/wp\/v2\/product"}],"about":[{"href":"https:\/\/grupotextil.es\/ca\/wp-json\/wp\/v2\/types\/product"}],"replies":[{"embeddable":true,"href":"https:\/\/grupotextil.es\/ca\/wp-json\/wp\/v2\/comments?post=378948"}],"wp:featuredmedia":[{"embeddable":true,"href":"https:\/\/grupotextil.es\/ca\/wp-json\/wp\/v2\/media\/418061"}],"wp:attachment":[{"href":"https:\/\/grupotextil.es\/ca\/wp-json\/wp\/v2\/media?parent=378948"}],"wp:term":[{"taxonomy":"product_brand","embeddable":true,"href":"https:\/\/grupotextil.es\/ca\/wp-json\/wp\/v2\/product_brand?post=378948"},{"taxonomy":"product_cat","embeddable":true,"href":"https:\/\/grupotextil.es\/ca\/wp-json\/wp\/v2\/product_cat?post=378948"},{"taxonomy":"product_tag","embeddable":true,"href":"https:\/\/grupotextil.es\/ca\/wp-json\/wp\/v2\/product_tag?post=378948"}],"curies":[{"name":"wp","href":"https:\/\/api.w.org\/{rel}","templated":true}]}}