{"id":378952,"date":"2026-03-08T03:20:38","date_gmt":"2026-03-08T02:20:38","guid":{"rendered":"https:\/\/grupotextil.es\/producto\/gorra-eco-washing-110-alpha-desestructurada\/"},"modified":"2026-03-08T03:20:38","modified_gmt":"2026-03-08T02:20:38","slug":"gorra-eco-washing-110-alpha-desestructurada","status":"publish","type":"product","link":"https:\/\/grupotextil.es\/ca\/product\/gorra-eco-washing-110-alpha-desestructurada\/","title":{"rendered":"Cap Eco Washing 110 Alpha desestructurada"},"content":{"rendered":"<ul>\n<li>287 g\/m\u00b2<\/li>\n<li>98% Poli\u00e9ster, 2% Elastano<\/li>\n<li>6 paneles<\/li>\n<li>Visera con 8 filas de pespuntes<\/li>\n<li>Visera inferior a juego<\/li>\n<li>Visera precurvada<\/li>\n<li>Ajuste de tama\u00f1o del mismo tejido con hebilla met\u00e1lica<\/li>\n<\/ul>","protected":false},"excerpt":{"rendered":"<p>287 g\/m\u00b298% Poli\u00e9ster, 2% Elastano6 panelesVisera con 8 filas de pespuntesVisera inferior a juegoVisera precurvadaAjuste de tama\u00f1o del mismo tejido con hebilla met\u00e1lica<\/p>","protected":false},"featured_media":418072,"comment_status":"open","ping_status":"closed","template":"","meta":{"_acf_changed":false},"product_brand":[11678],"product_cat":[13948],"product_tag":[],"class_list":{"0":"post-378952","1":"product","2":"type-product","3":"status-publish","4":"has-post-thumbnail","6":"product_brand-flexfit","7":"product_cat-accesorios","8":"tm-no-options","10":"first","11":"instock","12":"taxable","13":"shipping-taxable","14":"product-type-variable"},"acf":[],"_links":{"self":[{"href":"https:\/\/grupotextil.es\/ca\/wp-json\/wp\/v2\/product\/378952","targetHints":{"allow":["GET"]}}],"collection":[{"href":"https:\/\/grupotextil.es\/ca\/wp-json\/wp\/v2\/product"}],"about":[{"href":"https:\/\/grupotextil.es\/ca\/wp-json\/wp\/v2\/types\/product"}],"replies":[{"embeddable":true,"href":"https:\/\/grupotextil.es\/ca\/wp-json\/wp\/v2\/comments?post=378952"}],"wp:featuredmedia":[{"embeddable":true,"href":"https:\/\/grupotextil.es\/ca\/wp-json\/wp\/v2\/media\/418072"}],"wp:attachment":[{"href":"https:\/\/grupotextil.es\/ca\/wp-json\/wp\/v2\/media?parent=378952"}],"wp:term":[{"taxonomy":"product_brand","embeddable":true,"href":"https:\/\/grupotextil.es\/ca\/wp-json\/wp\/v2\/product_brand?post=378952"},{"taxonomy":"product_cat","embeddable":true,"href":"https:\/\/grupotextil.es\/ca\/wp-json\/wp\/v2\/product_cat?post=378952"},{"taxonomy":"product_tag","embeddable":true,"href":"https:\/\/grupotextil.es\/ca\/wp-json\/wp\/v2\/product_tag?post=378952"}],"curies":[{"name":"wp","href":"https:\/\/api.w.org\/{rel}","templated":true}]}}