{"id":379027,"date":"2026-03-08T03:20:44","date_gmt":"2026-03-08T02:20:44","guid":{"rendered":"https:\/\/grupotextil.es\/producto\/gorro-bucket-open-edge\/"},"modified":"2026-03-08T03:20:44","modified_gmt":"2026-03-08T02:20:44","slug":"gorro-bucket-open-edge","status":"publish","type":"product","link":"https:\/\/grupotextil.es\/ca\/product\/gorro-bucket-open-edge\/","title":{"rendered":"Beanie Bucket Open Edge"},"content":{"rendered":"<ul>\n<li>371 g\/m\u00b2<\/li>\n<li>100% Algod\u00f3n<\/li>\n<li>Algod\u00f3n agradable al tacto<\/li>\n<li>Ala circular con costuras decorativas<\/li>\n<li>El borde del ala est\u00e1 deshilachado<\/li>\n<\/ul>","protected":false},"excerpt":{"rendered":"<p>371 g\/m\u00b2100% Algod\u00f3nAlgod\u00f3n agradable al tactoAla circular con costuras decorativasEl borde del ala est\u00e1 deshilachado<\/p>","protected":false},"featured_media":418317,"comment_status":"open","ping_status":"closed","template":"","meta":{"_acf_changed":false},"product_brand":[11678],"product_cat":[13948,13950],"product_tag":[],"class_list":{"0":"post-379027","1":"product","2":"type-product","3":"status-publish","4":"has-post-thumbnail","6":"product_brand-flexfit","7":"product_cat-accesorios","8":"product_cat-gorros-y-beanies","9":"tm-no-options","11":"first","12":"instock","13":"taxable","14":"shipping-taxable","15":"product-type-variable"},"acf":[],"_links":{"self":[{"href":"https:\/\/grupotextil.es\/ca\/wp-json\/wp\/v2\/product\/379027","targetHints":{"allow":["GET"]}}],"collection":[{"href":"https:\/\/grupotextil.es\/ca\/wp-json\/wp\/v2\/product"}],"about":[{"href":"https:\/\/grupotextil.es\/ca\/wp-json\/wp\/v2\/types\/product"}],"replies":[{"embeddable":true,"href":"https:\/\/grupotextil.es\/ca\/wp-json\/wp\/v2\/comments?post=379027"}],"wp:featuredmedia":[{"embeddable":true,"href":"https:\/\/grupotextil.es\/ca\/wp-json\/wp\/v2\/media\/418317"}],"wp:attachment":[{"href":"https:\/\/grupotextil.es\/ca\/wp-json\/wp\/v2\/media?parent=379027"}],"wp:term":[{"taxonomy":"product_brand","embeddable":true,"href":"https:\/\/grupotextil.es\/ca\/wp-json\/wp\/v2\/product_brand?post=379027"},{"taxonomy":"product_cat","embeddable":true,"href":"https:\/\/grupotextil.es\/ca\/wp-json\/wp\/v2\/product_cat?post=379027"},{"taxonomy":"product_tag","embeddable":true,"href":"https:\/\/grupotextil.es\/ca\/wp-json\/wp\/v2\/product_tag?post=379027"}],"curies":[{"name":"wp","href":"https:\/\/api.w.org\/{rel}","templated":true}]}}