{"id":379042,"date":"2026-03-08T03:20:45","date_gmt":"2026-03-08T02:20:45","guid":{"rendered":"https:\/\/grupotextil.es\/producto\/gorra-legionario-nino\/"},"modified":"2026-03-08T03:20:45","modified_gmt":"2026-03-08T02:20:45","slug":"gorra-legionario-nino","status":"publish","type":"product","link":"https:\/\/grupotextil.es\/ca\/product\/gorra-legionario-nino\/","title":{"rendered":"Cap Legionario Kids"},"content":{"rendered":"<ul>\n<li>115 g\/m\u00b2<\/li>\n<li>100% poli\u00e9ster<\/li>\n<li>5 paneles<\/li>\n<li>Perfil plano y visera pre-curvada<\/li>\n<li>Sin costura en medio<\/li>\n<li>Protecci\u00f3n contra el sol en el cuello con cord\u00f3n ajustable<\/li>\n<li>Apropiada para serigraf\u00eda y bordado<\/li>\n<\/ul>","protected":false},"excerpt":{"rendered":"<p>115 g\/m\u00b2100% poli\u00e9ster5 panelesPerfil plano y visera pre-curvadaSin costura en medioProtecci\u00f3n contra el sol en el cuello con cord\u00f3n ajustableApropiada para serigraf\u00eda y bordado<\/p>","protected":false},"featured_media":418376,"comment_status":"open","ping_status":"closed","template":"","meta":{"_acf_changed":false},"product_brand":[11659],"product_cat":[13948,13950],"product_tag":[],"class_list":{"0":"post-379042","1":"product","2":"type-product","3":"status-publish","4":"has-post-thumbnail","6":"product_brand-result-caps","7":"product_cat-accesorios","8":"product_cat-gorros-y-beanies","9":"tm-no-options","11":"first","12":"instock","13":"taxable","14":"shipping-taxable","15":"product-type-variable"},"acf":[],"_links":{"self":[{"href":"https:\/\/grupotextil.es\/ca\/wp-json\/wp\/v2\/product\/379042","targetHints":{"allow":["GET"]}}],"collection":[{"href":"https:\/\/grupotextil.es\/ca\/wp-json\/wp\/v2\/product"}],"about":[{"href":"https:\/\/grupotextil.es\/ca\/wp-json\/wp\/v2\/types\/product"}],"replies":[{"embeddable":true,"href":"https:\/\/grupotextil.es\/ca\/wp-json\/wp\/v2\/comments?post=379042"}],"wp:featuredmedia":[{"embeddable":true,"href":"https:\/\/grupotextil.es\/ca\/wp-json\/wp\/v2\/media\/418376"}],"wp:attachment":[{"href":"https:\/\/grupotextil.es\/ca\/wp-json\/wp\/v2\/media?parent=379042"}],"wp:term":[{"taxonomy":"product_brand","embeddable":true,"href":"https:\/\/grupotextil.es\/ca\/wp-json\/wp\/v2\/product_brand?post=379042"},{"taxonomy":"product_cat","embeddable":true,"href":"https:\/\/grupotextil.es\/ca\/wp-json\/wp\/v2\/product_cat?post=379042"},{"taxonomy":"product_tag","embeddable":true,"href":"https:\/\/grupotextil.es\/ca\/wp-json\/wp\/v2\/product_tag?post=379042"}],"curies":[{"name":"wp","href":"https:\/\/api.w.org\/{rel}","templated":true}]}}