{"id":379048,"date":"2026-03-08T03:20:45","date_gmt":"2026-03-08T02:20:45","guid":{"rendered":"https:\/\/grupotextil.es\/producto\/visera-de-camuflaje-snapback\/"},"modified":"2026-03-08T03:20:45","modified_gmt":"2026-03-08T02:20:45","slug":"visera-de-camuflaje-snapback","status":"publish","type":"product","link":"https:\/\/grupotextil.es\/ca\/product\/visera-de-camuflaje-snapback\/","title":{"rendered":"Visera de Camuflaje Snapback"},"content":{"rendered":"<ul>\n<li>382 g\/m\u00b2<\/li>\n<li>80% Poliacr\u00edlico, 20% Lana<\/li>\n<li>Visera: 100% Algod\u00f3n<\/li>\n<li>6 paneles<\/li>\n<li>Visera plana con 8 filas de pespuntes<\/li>\n<li>Visera inferior a juego<\/li>\n<li>Cierre a presi\u00f3n<\/li>\n<\/ul>","protected":false},"excerpt":{"rendered":"<p>382 g\/m\u00b280% Poliacr\u00edlico, 20% LanaVisera: 100% Algod\u00f3n6 panelesVisera plana con 8 filas de pespuntesVisera inferior a juegoCierre a presi\u00f3n<\/p>","protected":false},"featured_media":418382,"comment_status":"open","ping_status":"closed","template":"","meta":{"_acf_changed":false},"product_brand":[11678],"product_cat":[13948,13950],"product_tag":[],"class_list":{"0":"post-379048","1":"product","2":"type-product","3":"status-publish","4":"has-post-thumbnail","6":"product_brand-flexfit","7":"product_cat-accesorios","8":"product_cat-gorros-y-beanies","9":"tm-no-options","11":"first","12":"instock","13":"taxable","14":"shipping-taxable","15":"product-type-variable"},"acf":[],"_links":{"self":[{"href":"https:\/\/grupotextil.es\/ca\/wp-json\/wp\/v2\/product\/379048","targetHints":{"allow":["GET"]}}],"collection":[{"href":"https:\/\/grupotextil.es\/ca\/wp-json\/wp\/v2\/product"}],"about":[{"href":"https:\/\/grupotextil.es\/ca\/wp-json\/wp\/v2\/types\/product"}],"replies":[{"embeddable":true,"href":"https:\/\/grupotextil.es\/ca\/wp-json\/wp\/v2\/comments?post=379048"}],"wp:featuredmedia":[{"embeddable":true,"href":"https:\/\/grupotextil.es\/ca\/wp-json\/wp\/v2\/media\/418382"}],"wp:attachment":[{"href":"https:\/\/grupotextil.es\/ca\/wp-json\/wp\/v2\/media?parent=379048"}],"wp:term":[{"taxonomy":"product_brand","embeddable":true,"href":"https:\/\/grupotextil.es\/ca\/wp-json\/wp\/v2\/product_brand?post=379048"},{"taxonomy":"product_cat","embeddable":true,"href":"https:\/\/grupotextil.es\/ca\/wp-json\/wp\/v2\/product_cat?post=379048"},{"taxonomy":"product_tag","embeddable":true,"href":"https:\/\/grupotextil.es\/ca\/wp-json\/wp\/v2\/product_tag?post=379048"}],"curies":[{"name":"wp","href":"https:\/\/api.w.org\/{rel}","templated":true}]}}