{"id":379059,"date":"2026-03-08T03:20:46","date_gmt":"2026-03-08T02:20:46","guid":{"rendered":"https:\/\/grupotextil.es\/producto\/gorro-bucket-de-nailon\/"},"modified":"2026-03-08T03:20:46","modified_gmt":"2026-03-08T02:20:46","slug":"gorro-bucket-de-nailon","status":"publish","type":"product","link":"https:\/\/grupotextil.es\/ca\/product\/gorro-bucket-de-nailon\/","title":{"rendered":"Beanie Bucket de Nailon"},"content":{"rendered":"<ul>\n<li>92 % Poli\u00e9ster, 8% Elastano<\/li>\n<li>Tejido h\u00edbrido de alta tecnolog\u00eda fresco y c\u00f3modo<\/li>\n<li>Transpirable<\/li>\n<li>Repele la suciedad y el agua<\/li>\n<li>Ojales cosidos en color de contraste<\/li>\n<li>Ala circular con costuras decorativas<\/li>\n<\/ul>","protected":false},"excerpt":{"rendered":"<p>92 % Poli\u00e9ster, 8% ElastanoTejido h\u00edbrido de alta tecnolog\u00eda fresco y c\u00f3modoTranspirableRepele la suciedad y el aguaOjales cosidos en color de contrasteAla circular con costuras decorativas<\/p>","protected":false},"featured_media":418411,"comment_status":"open","ping_status":"closed","template":"","meta":{"_acf_changed":false},"product_brand":[11678],"product_cat":[13948,13950],"product_tag":[],"class_list":{"0":"post-379059","1":"product","2":"type-product","3":"status-publish","4":"has-post-thumbnail","6":"product_brand-flexfit","7":"product_cat-accesorios","8":"product_cat-gorros-y-beanies","9":"tm-no-options","11":"first","12":"instock","13":"taxable","14":"shipping-taxable","15":"product-type-variable"},"acf":[],"_links":{"self":[{"href":"https:\/\/grupotextil.es\/ca\/wp-json\/wp\/v2\/product\/379059","targetHints":{"allow":["GET"]}}],"collection":[{"href":"https:\/\/grupotextil.es\/ca\/wp-json\/wp\/v2\/product"}],"about":[{"href":"https:\/\/grupotextil.es\/ca\/wp-json\/wp\/v2\/types\/product"}],"replies":[{"embeddable":true,"href":"https:\/\/grupotextil.es\/ca\/wp-json\/wp\/v2\/comments?post=379059"}],"wp:featuredmedia":[{"embeddable":true,"href":"https:\/\/grupotextil.es\/ca\/wp-json\/wp\/v2\/media\/418411"}],"wp:attachment":[{"href":"https:\/\/grupotextil.es\/ca\/wp-json\/wp\/v2\/media?parent=379059"}],"wp:term":[{"taxonomy":"product_brand","embeddable":true,"href":"https:\/\/grupotextil.es\/ca\/wp-json\/wp\/v2\/product_brand?post=379059"},{"taxonomy":"product_cat","embeddable":true,"href":"https:\/\/grupotextil.es\/ca\/wp-json\/wp\/v2\/product_cat?post=379059"},{"taxonomy":"product_tag","embeddable":true,"href":"https:\/\/grupotextil.es\/ca\/wp-json\/wp\/v2\/product_tag?post=379059"}],"curies":[{"name":"wp","href":"https:\/\/api.w.org\/{rel}","templated":true}]}}