{"id":379422,"date":"2026-03-08T03:22:44","date_gmt":"2026-03-08T02:22:44","guid":{"rendered":"https:\/\/grupotextil.es\/producto\/chaleco-de-borreguillo-laminado\/"},"modified":"2026-03-08T03:22:44","modified_gmt":"2026-03-08T02:22:44","slug":"chaleco-de-borreguillo-laminado","status":"publish","type":"product","link":"https:\/\/grupotextil.es\/ca\/product\/chaleco-de-borreguillo-laminado\/","title":{"rendered":"Vest de borreguillo laminado"},"content":{"rendered":"<ul>\n<li>400 g\/m\u00b2<\/li>\n<li>100 % poli\u00e9ster<\/li>\n<li>Chaleco polar de borreguillio c\u00e1lido y c\u00f3modo<\/li>\n<li>Dise\u00f1o de g\u00e9nero neutro<\/li>\n<li>Bolsillos funcionales con cremallera<\/li>\n<li>Cuello alto<\/li>\n<li>Bolsillo de nailon en el pecho.<\/li>\n<\/ul>","protected":false},"excerpt":{"rendered":"<p>400 g\/m\u00b2100 % poli\u00e9sterChaleco polar de borreguillio c\u00e1lido y c\u00f3modoDise\u00f1o de g\u00e9nero neutroBolsillos funcionales con cremalleraCuello altoBolsillo de nailon en el pecho.<\/p>","protected":false},"featured_media":418672,"comment_status":"open","ping_status":"closed","template":"","meta":{"_acf_changed":false},"product_brand":[11675],"product_cat":[13981,13990,13974,13975,13973],"product_tag":[14010],"class_list":{"0":"post-379422","1":"product","2":"type-product","3":"status-publish","4":"has-post-thumbnail","6":"product_brand-build-your-brand","7":"product_cat-h-chaquetas-y-abrigos","8":"product_cat-m-chaquetas-y-abrigos","9":"product_cat-ropa-hombre","10":"product_cat-ropa-mujer","11":"product_cat-ropa","12":"product_tag-nuevo-2026","13":"tm-no-options","15":"first","16":"instock","17":"taxable","18":"shipping-taxable","19":"product-type-variable"},"acf":[],"_links":{"self":[{"href":"https:\/\/grupotextil.es\/ca\/wp-json\/wp\/v2\/product\/379422","targetHints":{"allow":["GET"]}}],"collection":[{"href":"https:\/\/grupotextil.es\/ca\/wp-json\/wp\/v2\/product"}],"about":[{"href":"https:\/\/grupotextil.es\/ca\/wp-json\/wp\/v2\/types\/product"}],"replies":[{"embeddable":true,"href":"https:\/\/grupotextil.es\/ca\/wp-json\/wp\/v2\/comments?post=379422"}],"wp:featuredmedia":[{"embeddable":true,"href":"https:\/\/grupotextil.es\/ca\/wp-json\/wp\/v2\/media\/418672"}],"wp:attachment":[{"href":"https:\/\/grupotextil.es\/ca\/wp-json\/wp\/v2\/media?parent=379422"}],"wp:term":[{"taxonomy":"product_brand","embeddable":true,"href":"https:\/\/grupotextil.es\/ca\/wp-json\/wp\/v2\/product_brand?post=379422"},{"taxonomy":"product_cat","embeddable":true,"href":"https:\/\/grupotextil.es\/ca\/wp-json\/wp\/v2\/product_cat?post=379422"},{"taxonomy":"product_tag","embeddable":true,"href":"https:\/\/grupotextil.es\/ca\/wp-json\/wp\/v2\/product_tag?post=379422"}],"curies":[{"name":"wp","href":"https:\/\/api.w.org\/{rel}","templated":true}]}}