{"id":379495,"date":"2026-03-08T03:23:20","date_gmt":"2026-03-08T02:23:20","guid":{"rendered":"https:\/\/grupotextil.es\/producto\/chaqueta-scuba-reciclada-hombre\/"},"modified":"2026-03-08T03:23:20","modified_gmt":"2026-03-08T02:23:20","slug":"chaqueta-scuba-reciclada-hombre","status":"publish","type":"product","link":"https:\/\/grupotextil.es\/ca\/product\/chaqueta-scuba-reciclada-hombre\/","title":{"rendered":"Chaqueta Scuba reciclado hombre"},"content":{"rendered":"<ul>\n<li>300 g\/m\u00b2<\/li>\n<li>94% poli\u00e9ster (24% reciclado), 6% elastano<\/li>\n<li>Heather Anthra: 81% poli\u00e9ster (28% reciclado), 13% viscosa, 6% elastano<\/li>\n<li>Tejido funcional ecol\u00f3gico<\/li>\n<li>Hecho de botellas de pl\u00e1stico recicladas (8 por chaqueta)<\/li>\n<li>Cremallera completa con tirador de metal (sin n\u00edquel)<\/li>\n<li>Capucha de buceo y cordones de ajuste con detalles contrastaods<\/li>\n<li>Ojales de metal para cord\u00f3n (sin n\u00edquel)<\/li>\n<li>Cuello encintado<\/li>\n<li>Costuras decorativas planas<\/li>\n<li>Bolsillos laterales con cremalleras ocultas<\/li>\n<li>Pu\u00f1os de tela<\/li>\n<li>Costuras laterales<\/li>\n<li>Etiqueta extra\u00edble en la costura lateral<\/li>\n<\/ul>","protected":false},"excerpt":{"rendered":"<p>300 g\/m\u00b294% poli\u00e9ster (24% reciclado), 6% elastanoHeather Anthra: 81% poli\u00e9ster (28% reciclado), 13% viscosa, 6% elastanoTejido funcional ecol\u00f3gicoHecho de botellas de pl\u00e1stico recicladas (8 por chaqu<\/p>","protected":false},"featured_media":418688,"comment_status":"open","ping_status":"closed","template":"","meta":{"_acf_changed":false},"product_brand":[11658],"product_cat":[13981,13990,13974,13975,13973],"product_tag":[],"class_list":{"0":"post-379495","1":"product","2":"type-product","3":"status-publish","4":"has-post-thumbnail","6":"product_brand-stedman","7":"product_cat-h-chaquetas-y-abrigos","8":"product_cat-m-chaquetas-y-abrigos","9":"product_cat-ropa-hombre","10":"product_cat-ropa-mujer","11":"product_cat-ropa","12":"tm-no-options","14":"first","15":"instock","16":"taxable","17":"shipping-taxable","18":"product-type-variable"},"acf":[],"_links":{"self":[{"href":"https:\/\/grupotextil.es\/ca\/wp-json\/wp\/v2\/product\/379495","targetHints":{"allow":["GET"]}}],"collection":[{"href":"https:\/\/grupotextil.es\/ca\/wp-json\/wp\/v2\/product"}],"about":[{"href":"https:\/\/grupotextil.es\/ca\/wp-json\/wp\/v2\/types\/product"}],"replies":[{"embeddable":true,"href":"https:\/\/grupotextil.es\/ca\/wp-json\/wp\/v2\/comments?post=379495"}],"wp:featuredmedia":[{"embeddable":true,"href":"https:\/\/grupotextil.es\/ca\/wp-json\/wp\/v2\/media\/418688"}],"wp:attachment":[{"href":"https:\/\/grupotextil.es\/ca\/wp-json\/wp\/v2\/media?parent=379495"}],"wp:term":[{"taxonomy":"product_brand","embeddable":true,"href":"https:\/\/grupotextil.es\/ca\/wp-json\/wp\/v2\/product_brand?post=379495"},{"taxonomy":"product_cat","embeddable":true,"href":"https:\/\/grupotextil.es\/ca\/wp-json\/wp\/v2\/product_cat?post=379495"},{"taxonomy":"product_tag","embeddable":true,"href":"https:\/\/grupotextil.es\/ca\/wp-json\/wp\/v2\/product_tag?post=379495"}],"curies":[{"name":"wp","href":"https:\/\/api.w.org\/{rel}","templated":true}]}}