{"id":379726,"date":"2026-03-08T03:24:43","date_gmt":"2026-03-08T02:24:43","guid":{"rendered":"https:\/\/grupotextil.es\/producto\/chaqueta-softshell-signature-mujer\/"},"modified":"2026-03-08T03:24:43","modified_gmt":"2026-03-08T02:24:43","slug":"chaqueta-softshell-signature-mujer","status":"publish","type":"product","link":"https:\/\/grupotextil.es\/ca\/product\/chaqueta-softshell-signature-mujer\/","title":{"rendered":"Chaqueta Softshell Signature mujer"},"content":{"rendered":"<ul>\n<li>280 g\/m\u00b2<\/li>\n<li>Exterior: 96% poli\u00e9ster, 4% elastano (tejido Softshell de 3 capas)<\/li>\n<li>Capa media: membrana hidrost\u00e1tica<\/li>\n<li>Interior: 100% poli\u00e9ster (microfibra polar anti-bolitas)<\/li>\n<li>Impermeable (3000 mm) y transpirable (1000 g\/m\u00b2 en 24h)<\/li>\n<li>Tira para colgar en la cinta del cuello<\/li>\n<li>Cremallera completa con protector de barbilla<\/li>\n<li>Bolsillo en el pecho y bolsillos laterales con cremallera cubierta<\/li>\n<li>Pu\u00f1os ajustables<\/li>\n<li>Bolsillos interiores (1 con cremallera, 2 grandes con cierre autoadherente)<\/li>\n<li>Forma mejorada y costuras dise\u00f1adas para un mejor ajuste<\/li>\n<li>M\u00e1s largo en la espalda<\/li>\n<li>Dobladillo ajustable con cord\u00f3n<\/li>\n<li>Sin etiqueta<\/li>\n<li>Estio ajustado<\/li>\n<\/ul>","protected":false},"excerpt":{"rendered":"<p>280 g\/m\u00b2Exterior: 96% poli\u00e9ster, 4% elastano (tejido Softshell de 3 capas)Capa media: membrana hidrost\u00e1ticaInterior: 100% poli\u00e9ster (microfibra polar anti-bolitas)Impermeable (3000 mm) y transpirable<\/p>","protected":false},"featured_media":418836,"comment_status":"open","ping_status":"closed","template":"","meta":{"_acf_changed":false},"product_brand":[11676],"product_cat":[13981,13990,13974,13975,13973],"product_tag":[],"class_list":{"0":"post-379726","1":"product","2":"type-product","3":"status-publish","4":"has-post-thumbnail","6":"product_brand-sg","7":"product_cat-h-chaquetas-y-abrigos","8":"product_cat-m-chaquetas-y-abrigos","9":"product_cat-ropa-hombre","10":"product_cat-ropa-mujer","11":"product_cat-ropa","12":"tm-no-options","14":"first","15":"instock","16":"taxable","17":"shipping-taxable","18":"product-type-variable"},"acf":[],"_links":{"self":[{"href":"https:\/\/grupotextil.es\/ca\/wp-json\/wp\/v2\/product\/379726","targetHints":{"allow":["GET"]}}],"collection":[{"href":"https:\/\/grupotextil.es\/ca\/wp-json\/wp\/v2\/product"}],"about":[{"href":"https:\/\/grupotextil.es\/ca\/wp-json\/wp\/v2\/types\/product"}],"replies":[{"embeddable":true,"href":"https:\/\/grupotextil.es\/ca\/wp-json\/wp\/v2\/comments?post=379726"}],"wp:featuredmedia":[{"embeddable":true,"href":"https:\/\/grupotextil.es\/ca\/wp-json\/wp\/v2\/media\/418836"}],"wp:attachment":[{"href":"https:\/\/grupotextil.es\/ca\/wp-json\/wp\/v2\/media?parent=379726"}],"wp:term":[{"taxonomy":"product_brand","embeddable":true,"href":"https:\/\/grupotextil.es\/ca\/wp-json\/wp\/v2\/product_brand?post=379726"},{"taxonomy":"product_cat","embeddable":true,"href":"https:\/\/grupotextil.es\/ca\/wp-json\/wp\/v2\/product_cat?post=379726"},{"taxonomy":"product_tag","embeddable":true,"href":"https:\/\/grupotextil.es\/ca\/wp-json\/wp\/v2\/product_tag?post=379726"}],"curies":[{"name":"wp","href":"https:\/\/api.w.org\/{rel}","templated":true}]}}