{"id":380066,"date":"2026-03-08T03:25:34","date_gmt":"2026-03-08T02:25:34","guid":{"rendered":"https:\/\/grupotextil.es\/producto\/chaleco-haber-ii-hombre\/"},"modified":"2026-03-08T03:25:34","modified_gmt":"2026-03-08T02:25:34","slug":"chaleco-haber-ii-hombre","status":"publish","type":"product","link":"https:\/\/grupotextil.es\/ca\/product\/chaleco-haber-ii-hombre\/","title":{"rendered":"Chaleco Haber II hombre"},"content":{"rendered":"<ul>\n<li>250 g\/m\u00b2<\/li>\n<li>100% poli\u00e9ster reciclado parcialmente<\/li>\n<li>Polar symmetry antibolitas serie 250<\/li>\n<li>Cremallera entera<\/li>\n<li>Sisas el\u00e1sticas<\/li>\n<li>Dos bolsillos con cremallera<\/li>\n<li>Bajo con cord\u00f3n ajustable<\/li>\n<\/ul>","protected":false},"excerpt":{"rendered":"<p>250 g\/m\u00b2100% poli\u00e9ster reciclado parcialmentePolar symmetry antibolitas serie 250Cremallera enteraSisas el\u00e1sticasDos bolsillos con cremalleraBajo con cord\u00f3n ajustable<\/p>","protected":false},"featured_media":419038,"comment_status":"open","ping_status":"closed","template":"","meta":{"_acf_changed":false},"product_brand":[11656],"product_cat":[13990,13981,13974,13975,13973],"product_tag":[],"class_list":{"0":"post-380066","1":"product","2":"type-product","3":"status-publish","4":"has-post-thumbnail","6":"product_brand-regatta","7":"product_cat-m-chaquetas-y-abrigos","8":"product_cat-h-chaquetas-y-abrigos","9":"product_cat-ropa-hombre","10":"product_cat-ropa-mujer","11":"product_cat-ropa","12":"tm-no-options","14":"first","15":"instock","16":"taxable","17":"shipping-taxable","18":"product-type-variable"},"acf":[],"_links":{"self":[{"href":"https:\/\/grupotextil.es\/ca\/wp-json\/wp\/v2\/product\/380066","targetHints":{"allow":["GET"]}}],"collection":[{"href":"https:\/\/grupotextil.es\/ca\/wp-json\/wp\/v2\/product"}],"about":[{"href":"https:\/\/grupotextil.es\/ca\/wp-json\/wp\/v2\/types\/product"}],"replies":[{"embeddable":true,"href":"https:\/\/grupotextil.es\/ca\/wp-json\/wp\/v2\/comments?post=380066"}],"wp:featuredmedia":[{"embeddable":true,"href":"https:\/\/grupotextil.es\/ca\/wp-json\/wp\/v2\/media\/419038"}],"wp:attachment":[{"href":"https:\/\/grupotextil.es\/ca\/wp-json\/wp\/v2\/media?parent=380066"}],"wp:term":[{"taxonomy":"product_brand","embeddable":true,"href":"https:\/\/grupotextil.es\/ca\/wp-json\/wp\/v2\/product_brand?post=380066"},{"taxonomy":"product_cat","embeddable":true,"href":"https:\/\/grupotextil.es\/ca\/wp-json\/wp\/v2\/product_cat?post=380066"},{"taxonomy":"product_tag","embeddable":true,"href":"https:\/\/grupotextil.es\/ca\/wp-json\/wp\/v2\/product_tag?post=380066"}],"curies":[{"name":"wp","href":"https:\/\/api.w.org\/{rel}","templated":true}]}}