{"id":380675,"date":"2026-03-08T03:26:06","date_gmt":"2026-03-08T02:26:06","guid":{"rendered":"https:\/\/grupotextil.es\/producto\/chaleco-core\/"},"modified":"2026-03-08T03:26:06","modified_gmt":"2026-03-08T02:26:06","slug":"chaleco-core","status":"publish","type":"product","link":"https:\/\/grupotextil.es\/ca\/product\/chaleco-core\/","title":{"rendered":"Vest Core"},"content":{"rendered":"<ul>\n<li>Exterior: 55g\/m\u00b2 , 100% poli\u00e9ster<\/li>\n<li>Interior: 100% poli\u00e9ster<\/li>\n<li>Extremadamente ligero<\/li>\n<li>Cremallera entera con solapa interior<\/li>\n<li>Sisas amplias para m\u00e1s comodidad<\/li>\n<li>2 bolsillos delanteros y 1 bolsillo interior<\/li>\n<li>Corte moderno<\/li>\n<li>Corta viento, repelente al agua y secado r\u00e1pido<\/li>\n<li>Producto ideal para llevar con un polar<\/li>\n<li>Acceso a a espalda y pecho izquierdo a trav\u00e9s de abertura con cremallera en costura lateral izquierda<\/li>\n<li>Adecuado para bordar<\/li>\n<li>Secado r\u00e1pido<\/li>\n<li>Esta prenda contiene m\u00e1s del 25% de material reciclado<\/li>\n<\/ul>","protected":false},"excerpt":{"rendered":"<p>Exterior: 55g\/m\u00b2 , 100% poli\u00e9sterInterior: 100% poli\u00e9sterExtremadamente ligeroCremallera entera con solapa interiorSisas amplias para m\u00e1s comodidad2 bolsillos delanteros y 1 bolsillo interiorCorte mod<\/p>","protected":false},"featured_media":419396,"comment_status":"open","ping_status":"closed","template":"","meta":{"_acf_changed":false},"product_brand":[11669],"product_cat":[13991,13981,13990,13974,13930,13975,13973],"product_tag":[14009],"class_list":{"0":"post-380675","1":"product","2":"type-product","3":"status-publish","4":"has-post-thumbnail","6":"product_brand-result","7":"product_cat-m-chalecos","8":"product_cat-h-chaquetas-y-abrigos","9":"product_cat-m-chaquetas-y-abrigos","10":"product_cat-ropa-hombre","11":"product_cat-laboral","12":"product_cat-ropa-mujer","13":"product_cat-ropa","14":"product_tag-top-ventas","15":"tm-no-options","17":"first","18":"instock","19":"taxable","20":"shipping-taxable","21":"product-type-variable"},"acf":[],"_links":{"self":[{"href":"https:\/\/grupotextil.es\/ca\/wp-json\/wp\/v2\/product\/380675","targetHints":{"allow":["GET"]}}],"collection":[{"href":"https:\/\/grupotextil.es\/ca\/wp-json\/wp\/v2\/product"}],"about":[{"href":"https:\/\/grupotextil.es\/ca\/wp-json\/wp\/v2\/types\/product"}],"replies":[{"embeddable":true,"href":"https:\/\/grupotextil.es\/ca\/wp-json\/wp\/v2\/comments?post=380675"}],"wp:featuredmedia":[{"embeddable":true,"href":"https:\/\/grupotextil.es\/ca\/wp-json\/wp\/v2\/media\/419396"}],"wp:attachment":[{"href":"https:\/\/grupotextil.es\/ca\/wp-json\/wp\/v2\/media?parent=380675"}],"wp:term":[{"taxonomy":"product_brand","embeddable":true,"href":"https:\/\/grupotextil.es\/ca\/wp-json\/wp\/v2\/product_brand?post=380675"},{"taxonomy":"product_cat","embeddable":true,"href":"https:\/\/grupotextil.es\/ca\/wp-json\/wp\/v2\/product_cat?post=380675"},{"taxonomy":"product_tag","embeddable":true,"href":"https:\/\/grupotextil.es\/ca\/wp-json\/wp\/v2\/product_tag?post=380675"}],"curies":[{"name":"wp","href":"https:\/\/api.w.org\/{rel}","templated":true}]}}