{"id":380721,"date":"2026-03-08T03:26:18","date_gmt":"2026-03-08T02:26:18","guid":{"rendered":"https:\/\/grupotextil.es\/producto\/chaleco-fluo-executive\/"},"modified":"2026-03-08T03:26:18","modified_gmt":"2026-03-08T02:26:18","slug":"chaleco-fluo-executive","status":"publish","type":"product","link":"https:\/\/grupotextil.es\/ca\/product\/chaleco-fluo-executive\/","title":{"rendered":"Vest Fluo Executive"},"content":{"rendered":"<ul>\n<li>110 g\/m\u00b2<\/li>\n<li>100% poli\u00e9ster<\/li>\n<li>Ligero y transpirable. Tejido de malla para la m\u00e1xima comodidad en ambientes c\u00e1lidos<\/li>\n<li>Bolsillo para tel\u00e9fono \/ walkie-talkieen el lado izquierdo, bolsillo para identificaci\u00f3n en el lado derecho, bolsillos para bolis y gancho para llaves<\/li>\n<li>2 bolsillos inferiores con solapas y accesibles desde los lados<\/li>\n<li>Cinta reflectante de 5 cm. de anchura alrededor del cuerpo y sobre cada hombro.<\/li>\n<\/ul>","protected":false},"excerpt":{"rendered":"<p>110 g\/m\u00b2100% poli\u00e9sterLigero y transpirable. Tejido de malla para la m\u00e1xima comodidad en ambientes c\u00e1lidosBolsillo para tel\u00e9fono \/ walkie-talkieen el lado izquierdo, bolsillo para identificaci\u00f3n en&#8230;<\/p>","protected":false},"featured_media":419423,"comment_status":"open","ping_status":"closed","template":"","meta":{"_acf_changed":false},"product_brand":[11663],"product_cat":[13991,13981,13990,13974,13930,13975,13973],"product_tag":[14009],"class_list":{"0":"post-380721","1":"product","2":"type-product","3":"status-publish","4":"has-post-thumbnail","6":"product_brand-yoko","7":"product_cat-m-chalecos","8":"product_cat-h-chaquetas-y-abrigos","9":"product_cat-m-chaquetas-y-abrigos","10":"product_cat-ropa-hombre","11":"product_cat-laboral","12":"product_cat-ropa-mujer","13":"product_cat-ropa","14":"product_tag-top-ventas","15":"tm-no-options","17":"first","18":"instock","19":"taxable","20":"shipping-taxable","21":"product-type-variable"},"acf":[],"_links":{"self":[{"href":"https:\/\/grupotextil.es\/ca\/wp-json\/wp\/v2\/product\/380721","targetHints":{"allow":["GET"]}}],"collection":[{"href":"https:\/\/grupotextil.es\/ca\/wp-json\/wp\/v2\/product"}],"about":[{"href":"https:\/\/grupotextil.es\/ca\/wp-json\/wp\/v2\/types\/product"}],"replies":[{"embeddable":true,"href":"https:\/\/grupotextil.es\/ca\/wp-json\/wp\/v2\/comments?post=380721"}],"wp:featuredmedia":[{"embeddable":true,"href":"https:\/\/grupotextil.es\/ca\/wp-json\/wp\/v2\/media\/419423"}],"wp:attachment":[{"href":"https:\/\/grupotextil.es\/ca\/wp-json\/wp\/v2\/media?parent=380721"}],"wp:term":[{"taxonomy":"product_brand","embeddable":true,"href":"https:\/\/grupotextil.es\/ca\/wp-json\/wp\/v2\/product_brand?post=380721"},{"taxonomy":"product_cat","embeddable":true,"href":"https:\/\/grupotextil.es\/ca\/wp-json\/wp\/v2\/product_cat?post=380721"},{"taxonomy":"product_tag","embeddable":true,"href":"https:\/\/grupotextil.es\/ca\/wp-json\/wp\/v2\/product_tag?post=380721"}],"curies":[{"name":"wp","href":"https:\/\/api.w.org\/{rel}","templated":true}]}}